{"id":919,"date":"2025-04-29T19:12:40","date_gmt":"2025-04-29T19:12:40","guid":{"rendered":"https:\/\/tara.electroinvest.me\/product\/quad-buggy-tour-3-lakes-riblje-vrazje-zminicko\/"},"modified":"2025-05-04T18:32:29","modified_gmt":"2025-05-04T18:32:29","slug":"tura-quad-ili-buggy-tri-jezera-riblje-vrazje-i-zminicko","status":"publish","type":"product","link":"https:\/\/tarakularaft.com\/me\/product\/tura-quad-ili-buggy-tri-jezera-riblje-vrazje-i-zminicko\/","title":{"rendered":"Tura Quad ili Buggy \u2013 Tri jezera: Riblje, Vra\u017eje i Zmini\u010dko"},"content":{"rendered":"<p class=\"\" data-start=\"192\" data-end=\"427\">Pripremite se za <strong data-start=\"209\" data-end=\"233\">vanserijsku avanturu<\/strong> dok kre\u0107ete u vo\u017enju <strong data-start=\"255\" data-end=\"283\">Quadom ili Buggy vozilom<\/strong> kroz zadivljuju\u0107e pejza\u017ee Durmitora!<br data-start=\"320\" data-end=\"323\" \/>Otkrijte \u010dari <strong data-start=\"337\" data-end=\"376\">Ribljeg, Vra\u017ejeg i Zmini\u010dkog jezera<\/strong> \u2013 prirodne dragulje koji \u0107e vas ostaviti bez daha.<\/p>\n<p class=\"\" data-start=\"429\" data-end=\"491\">\ud83d\udccf <strong data-start=\"432\" data-end=\"448\">Du\u017eina ture:<\/strong> 40 kilometara<br data-start=\"462\" data-end=\"465\" \/>\u23f3 <strong data-start=\"467\" data-end=\"480\">Trajanje:<\/strong> oko 3 sata<\/p>\n<h3 class=\"\" data-start=\"498\" data-end=\"518\"><strong data-start=\"502\" data-end=\"518\">Cijene ture:<\/strong><\/h3>\n<ul data-start=\"520\" data-end=\"606\">\n<li class=\"\" data-start=\"520\" data-end=\"563\">\n<p class=\"\" data-start=\"522\" data-end=\"563\">\u00a0<strong data-start=\"525\" data-end=\"533\">Quad<\/strong> (za jednu osobu): <strong data-start=\"552\" data-end=\"561\">120 \u20ac<\/strong><\/p>\n<\/li>\n<li class=\"\" data-start=\"564\" data-end=\"606\">\n<p class=\"\" data-start=\"566\" data-end=\"606\">\u00a0<strong data-start=\"569\" data-end=\"578\">Buggy<\/strong> (za dvije osobe): <strong data-start=\"597\" data-end=\"606\">160 \u20ac<\/strong><\/p>\n<\/li>\n<\/ul>\n<h3 class=\"\" data-start=\"613\" data-end=\"637\"><strong data-start=\"617\" data-end=\"637\">\u0160ta vas o\u010dekuje:<\/strong><\/h3>\n<p class=\"\" data-start=\"639\" data-end=\"873\">\ud83c\udf0a <strong data-start=\"642\" data-end=\"659\">Riblje jezero<\/strong> \u2013 poznato po bogatstvu ribe i mirnoj atmosferi<br data-start=\"706\" data-end=\"709\" \/>\ud83c\udf2b\ufe0f <strong data-start=\"713\" data-end=\"730\">Vra\u017eje jezero<\/strong> \u2013 obavijeno legendama i mistikom, idealno za istra\u017eiva\u010de duha<br data-start=\"792\" data-end=\"795\" \/>\ud83c\udfde\ufe0f <strong data-start=\"799\" data-end=\"818\">Zmini\u010dko jezero<\/strong> \u2013 prava oaza ti\u0161ine, sa pogledima koji oduzimaju dah<\/p>\n<p class=\"\" data-start=\"875\" data-end=\"1016\">Na ovoj ruti prolazimo kroz <strong data-start=\"903\" data-end=\"934\">netaknutu prirodu Durmitora<\/strong>, uz pauze za u\u017eivanje, fotografisanje i povezivanje s ovim bajkovitim predjelima.<\/p>\n<h3 class=\"\" data-start=\"1023\" data-end=\"1055\"><strong data-start=\"1027\" data-end=\"1055\">Sigurna i pouzdana tura:<\/strong><\/h3>\n<p class=\"\" data-start=\"1057\" data-end=\"1207\">Na\u0161i <strong data-start=\"1062\" data-end=\"1080\">iskusni vodi\u010di<\/strong> su sa vama tokom \u010ditave ture \u2013 brinu o va\u0161oj sigurnosti i dijele zanimljive \u010dinjenice o regionu, prirodi i lokalnim legendama.<\/p>\n<h3 class=\"\" data-start=\"1214\" data-end=\"1246\"><strong data-start=\"1218\" data-end=\"1246\">Za\u0161to odabrati ovu turu?<\/strong><\/h3>\n<p class=\"\" data-start=\"1248\" data-end=\"1421\">\u2705 Tri prelijepa jezera u jednoj vo\u017enji<br data-start=\"1286\" data-end=\"1289\" \/>\u2705 Du\u017ea ruta za prave ljubitelje prirode i avanture<br data-start=\"1339\" data-end=\"1342\" \/>\u2705 Idealno za parove, porodice i fotografe<br data-start=\"1383\" data-end=\"1386\" \/>\u2705 Potpuno opremljeni i vo\u0111eni izlet<\/p>\n<h3 class=\"\" data-start=\"1428\" data-end=\"1459\"><strong data-start=\"1432\" data-end=\"1459\">Rezervacija i pla\u0107anje:<\/strong><\/h3>\n<p class=\"\" data-start=\"1461\" data-end=\"1585\">\u2757 <strong data-start=\"1463\" data-end=\"1510\">Pla\u0107anje se vr\u0161i direktno u na\u0161oj agenciji.<\/strong><br data-start=\"1510\" data-end=\"1513\" \/>Nakon \u0161to popunite formular, na\u0161 tim \u0107e vam se brzo javiti sa detaljima.<\/p>\n","protected":false},"excerpt":{"rendered":"<p>Pripremite se za vanserijsku avanturu dok kre\u0107ete u vo\u017enju Quadom ili Buggy vozilom kroz zadivljuju\u0107e pejza\u017ee Durmitora!Otkrijte \u010dari Ribljeg, Vra\u017ejeg i Zmini\u010dkog jezera \u2013 prirodne dragulje koji \u0107e vas ostaviti bez daha. \ud83d\udccf Du\u017eina ture: 40 kilometara\u23f3 Trajanje: oko 3 sata Cijene ture: \u00a0Quad (za jednu osobu): 120 \u20ac \u00a0Buggy (za dvije osobe): 160 \u20ac [&hellip;]<\/p>\n","protected":false},"featured_media":413,"template":"","meta":{"_acf_changed":false,"inline_featured_image":false},"product_brand":[],"product_cat":[55],"product_tag":[],"class_list":{"0":"post-919","1":"product","2":"type-product","3":"status-publish","4":"has-post-thumbnail","6":"product_cat-quad-me","8":"first","9":"instock","10":"taxable","11":"shipping-taxable","12":"purchasable","13":"product-type-simple"},"acf":[],"_links":{"self":[{"href":"https:\/\/tarakularaft.com\/me\/wp-json\/wp\/v2\/product\/919","targetHints":{"allow":["GET"]}}],"collection":[{"href":"https:\/\/tarakularaft.com\/me\/wp-json\/wp\/v2\/product"}],"about":[{"href":"https:\/\/tarakularaft.com\/me\/wp-json\/wp\/v2\/types\/product"}],"wp:featuredmedia":[{"embeddable":true,"href":"https:\/\/tarakularaft.com\/me\/wp-json\/wp\/v2\/media\/413"}],"wp:attachment":[{"href":"https:\/\/tarakularaft.com\/me\/wp-json\/wp\/v2\/media?parent=919"}],"wp:term":[{"taxonomy":"product_brand","embeddable":true,"href":"https:\/\/tarakularaft.com\/me\/wp-json\/wp\/v2\/product_brand?post=919"},{"taxonomy":"product_cat","embeddable":true,"href":"https:\/\/tarakularaft.com\/me\/wp-json\/wp\/v2\/product_cat?post=919"},{"taxonomy":"product_tag","embeddable":true,"href":"https:\/\/tarakularaft.com\/me\/wp-json\/wp\/v2\/product_tag?post=919"}],"curies":[{"name":"wp","href":"https:\/\/api.w.org\/{rel}","templated":true}]}}