{"id":916,"date":"2025-04-29T19:12:42","date_gmt":"2025-04-29T19:12:42","guid":{"rendered":"https:\/\/tara.electroinvest.me\/product\/quad-buggy-tour-2-lakes-riblje-vrazje\/"},"modified":"2025-05-04T18:28:06","modified_gmt":"2025-05-04T18:28:06","slug":"tura-quad-ili-buggy-riblje-i-vrazje-jezero","status":"publish","type":"product","link":"https:\/\/tarakularaft.com\/me\/product\/tura-quad-ili-buggy-riblje-i-vrazje-jezero\/","title":{"rendered":"Tura Quad ili Buggy \u2013 Riblje i Vra\u017eje jezero"},"content":{"rendered":"<p class=\"\" data-start=\"176\" data-end=\"416\">Krenite u uzbudljivu avanturu <strong data-start=\"206\" data-end=\"234\">Quadom ili Buggy vozilom<\/strong> i otkrijte o\u010daravaju\u0107u ljepotu <strong data-start=\"266\" data-end=\"299\">dva predivna jezera Crne Gore<\/strong>\u2013 <strong data-start=\"302\" data-end=\"327\">Ribljeg (jezera ribe)<\/strong> i <strong data-start=\"330\" data-end=\"348\">Vra\u017ejeg jezera<\/strong>. Spremite se za nezaboravno putovanje kroz prirodna \u010duda Durmitora!<\/p>\n<p class=\"\" data-start=\"418\" data-end=\"494\">\ud83d\udccf <strong data-start=\"421\" data-end=\"437\">Du\u017eina ture:<\/strong> 25 kilometara<br data-start=\"451\" data-end=\"454\" \/>\u23f3 <strong data-start=\"456\" data-end=\"469\">Trajanje:<\/strong> oko 1 sat i 20\u201330 minuta<\/p>\n<h3 class=\"\" data-start=\"501\" data-end=\"524\"><strong data-start=\"505\" data-end=\"524\">O \u010demu se radi:<\/strong><\/h3>\n<p class=\"\" data-start=\"526\" data-end=\"615\">Tokom vo\u017enje, uroni\u0107ete u slikovite pejza\u017ee Durmitora i u\u017eivati u nevjerovatnim vidicima.<\/p>\n<p class=\"\" data-start=\"617\" data-end=\"918\">\ud83d\udfe2 <strong data-start=\"620\" data-end=\"637\">Riblje jezero<\/strong> \u2013 nazvano po bogatoj populaciji ribe, odu\u0161evljava kristalno \u010distom vodom i spokojnom atmosferom.<br data-start=\"734\" data-end=\"737\" \/>\ud83d\udd35 <strong data-start=\"740\" data-end=\"757\">Vra\u017eje jezero<\/strong> \u2013 misti\u010dno i bajkovito, prema legendi dom mitskih stvorenja i skrivenih blaga. Njegov izgled i energija ostavljaju sna\u017ean utisak i bude ma\u0161tu svakog posjetioca.<\/p>\n<h3 class=\"\" data-start=\"925\" data-end=\"955\"><strong data-start=\"929\" data-end=\"955\">Vrste vozila i cijene:<\/strong><\/h3>\n<ul data-start=\"957\" data-end=\"1041\">\n<li class=\"\" data-start=\"957\" data-end=\"999\">\n<p class=\"\" data-start=\"959\" data-end=\"999\">\u00a0<strong data-start=\"962\" data-end=\"970\">Quad<\/strong> (za jednu osobu): <strong data-start=\"989\" data-end=\"997\">60 \u20ac<\/strong><\/p>\n<\/li>\n<li class=\"\" data-start=\"1000\" data-end=\"1041\">\n<p class=\"\" data-start=\"1002\" data-end=\"1041\">\u00a0<strong data-start=\"1005\" data-end=\"1014\">Buggy<\/strong> (za dvije osobe): <strong data-start=\"1033\" data-end=\"1041\">90 \u20ac<\/strong><\/p>\n<\/li>\n<\/ul>\n<p class=\"\" data-start=\"1043\" data-end=\"1220\">Na ovoj turi, na\u0161i <strong data-start=\"1062\" data-end=\"1080\">iskusni vodi\u010di<\/strong> \u0107e biti uz vas cijelim putem, obezbje\u0111uju\u0107i <strong data-start=\"1125\" data-end=\"1162\">bezbjednu i informativnu avanturu<\/strong> \u2013 dijele\u0107i zanimljive pri\u010de o prirodi i istoriji regiona.<\/p>\n<h3 class=\"\" data-start=\"1227\" data-end=\"1259\"><strong data-start=\"1231\" data-end=\"1259\">Za\u0161to odabrati ovu turu:<\/strong><\/h3>\n<p class=\"\" data-start=\"1261\" data-end=\"1435\">\u2705 Dva predivna jezera u jednoj turi<br data-start=\"1296\" data-end=\"1299\" \/>\u2705 Idealno za ljubitelje prirode i adrenalina<br data-start=\"1343\" data-end=\"1346\" \/>\u2705 Savr\u0161eno za parove, prijatelje ili porodice<br data-start=\"1391\" data-end=\"1394\" \/>\u2705 Profesionalna oprema i vodi\u010di uklju\u010deni<\/p>\n<h3 class=\"\" data-start=\"1442\" data-end=\"1473\"><strong data-start=\"1446\" data-end=\"1473\">Rezervacija i pla\u0107anje:<\/strong><\/h3>\n<p class=\"\" data-start=\"1475\" data-end=\"1614\">\u2757 <strong data-start=\"1477\" data-end=\"1524\">Pla\u0107anje se vr\u0161i direktno u na\u0161oj agenciji.<\/strong><br data-start=\"1524\" data-end=\"1527\" \/>Nakon \u0161to popunite formular, javljamo vam se u najkra\u0107em roku radi potvrde rezervacije.<\/p>\n","protected":false},"excerpt":{"rendered":"<p>Krenite u uzbudljivu avanturu Quadom ili Buggy vozilom i otkrijte o\u010daravaju\u0107u ljepotu dva predivna jezera Crne Gore\u2013 Ribljeg (jezera ribe) i Vra\u017ejeg jezera. Spremite se za nezaboravno putovanje kroz prirodna \u010duda Durmitora! \ud83d\udccf Du\u017eina ture: 25 kilometara\u23f3 Trajanje: oko 1 sat i 20\u201330 minuta O \u010demu se radi: Tokom vo\u017enje, uroni\u0107ete u slikovite pejza\u017ee Durmitora [&hellip;]<\/p>\n","protected":false},"featured_media":417,"template":"","meta":{"_acf_changed":false,"inline_featured_image":false},"product_brand":[],"product_cat":[55],"product_tag":[],"class_list":{"0":"post-916","1":"product","2":"type-product","3":"status-publish","4":"has-post-thumbnail","6":"product_cat-quad-me","8":"first","9":"instock","10":"taxable","11":"shipping-taxable","12":"purchasable","13":"product-type-simple"},"acf":[],"_links":{"self":[{"href":"https:\/\/tarakularaft.com\/me\/wp-json\/wp\/v2\/product\/916","targetHints":{"allow":["GET"]}}],"collection":[{"href":"https:\/\/tarakularaft.com\/me\/wp-json\/wp\/v2\/product"}],"about":[{"href":"https:\/\/tarakularaft.com\/me\/wp-json\/wp\/v2\/types\/product"}],"wp:featuredmedia":[{"embeddable":true,"href":"https:\/\/tarakularaft.com\/me\/wp-json\/wp\/v2\/media\/417"}],"wp:attachment":[{"href":"https:\/\/tarakularaft.com\/me\/wp-json\/wp\/v2\/media?parent=916"}],"wp:term":[{"taxonomy":"product_brand","embeddable":true,"href":"https:\/\/tarakularaft.com\/me\/wp-json\/wp\/v2\/product_brand?post=916"},{"taxonomy":"product_cat","embeddable":true,"href":"https:\/\/tarakularaft.com\/me\/wp-json\/wp\/v2\/product_cat?post=916"},{"taxonomy":"product_tag","embeddable":true,"href":"https:\/\/tarakularaft.com\/me\/wp-json\/wp\/v2\/product_tag?post=916"}],"curies":[{"name":"wp","href":"https:\/\/api.w.org\/{rel}","templated":true}]}}