{"id":913,"date":"2025-04-29T19:12:43","date_gmt":"2025-04-29T19:12:43","guid":{"rendered":"https:\/\/tara.electroinvest.me\/product\/quad-or-buggy-tour-momcilov-grad\/"},"modified":"2025-05-04T18:31:49","modified_gmt":"2025-05-04T18:31:49","slug":"tura-quad-ili-buggy-momcilov-grad","status":"publish","type":"product","link":"https:\/\/tarakularaft.com\/me\/product\/tura-quad-ili-buggy-momcilov-grad\/","title":{"rendered":"Tura Quad ili Buggy \u2013 Mom\u010dilov Grad"},"content":{"rendered":"<p class=\"\" data-start=\"175\" data-end=\"360\">Dobro do\u0161li u nezaboravnu avanturu vo\u017enje <strong data-start=\"217\" data-end=\"278\">Quadom ili Buggy vozilom kroz predivne pejza\u017ee Crne Gore!<\/strong><br data-start=\"278\" data-end=\"281\" \/>Tura <strong data-start=\"286\" data-end=\"303\">Mom\u010dilov Grad<\/strong> je savr\u0161en izbor za sve ljubitelje adrenalina i prirode.<\/p>\n<p class=\"\" data-start=\"362\" data-end=\"599\">Na ovoj turi ima\u0107ete priliku da istra\u017eite <strong data-start=\"404\" data-end=\"457\">zadivljuju\u0107e predjele Crnog jezera i kanjona Tare<\/strong>, dok u\u017eivate u panoramskim pogledima koji oduzimaju dah.<br data-start=\"514\" data-end=\"517\" \/>\ud83d\udccf <strong data-start=\"520\" data-end=\"543\">Ukupna du\u017eina ture:<\/strong> 23 kilometra<br data-start=\"556\" data-end=\"559\" \/>\u23f3 <strong data-start=\"561\" data-end=\"574\">Trajanje:<\/strong> oko 1 sat i 20\u201330 minuta<\/p>\n<h3 class=\"\" data-start=\"606\" data-end=\"636\"><strong data-start=\"610\" data-end=\"636\">Vrste vozila i cijene:<\/strong><\/h3>\n<ul data-start=\"638\" data-end=\"722\">\n<li class=\"\" data-start=\"638\" data-end=\"680\">\n<p class=\"\" data-start=\"640\" data-end=\"680\">\u00a0<strong data-start=\"643\" data-end=\"651\">Quad<\/strong> (za jednu osobu): <strong data-start=\"670\" data-end=\"678\">60 \u20ac<\/strong><\/p>\n<\/li>\n<li class=\"\" data-start=\"681\" data-end=\"722\">\n<p class=\"\" data-start=\"683\" data-end=\"722\"><strong data-start=\"686\" data-end=\"695\">\u00a0Buggy<\/strong> (za dvije osobe): <strong data-start=\"714\" data-end=\"722\">90 \u20ac<\/strong><\/p>\n<\/li>\n<\/ul>\n<h3 class=\"\" data-start=\"729\" data-end=\"753\"><strong data-start=\"733\" data-end=\"753\">\u0160ta vas o\u010dekuje:<\/strong><\/h3>\n<p class=\"\" data-start=\"755\" data-end=\"995\">Tokom vo\u017enje, u\u017eiva\u0107ete u nevjerovatnim pejza\u017eima koji se pru\u017eaju iznad <strong data-start=\"827\" data-end=\"858\">Crnog jezera i kanjona Tare<\/strong>.<br data-start=\"859\" data-end=\"862\" \/>Ova tura vam pru\u017ea osje\u0107aj <strong data-start=\"889\" data-end=\"914\">prave slobode i snage<\/strong>, dok savladavate makadamske puteve i \u0161umske staze koje \u0107e vas ostaviti bez daha.<\/p>\n<p class=\"\" data-start=\"997\" data-end=\"1110\">Na\u0161i <strong data-start=\"1002\" data-end=\"1020\">iskusni vodi\u010di<\/strong> bi\u0107e sa vama tokom cijele ture, kako bi obezbijedili <strong data-start=\"1074\" data-end=\"1109\">bezbjednu i uzbudljivu avanturu<\/strong>.<\/p>\n<p class=\"\" data-start=\"1112\" data-end=\"1269\">Ovo je idealna prilika da do\u017eivite <strong data-start=\"1147\" data-end=\"1198\">netaknutu prirodu Crne Gore na jedinstven na\u010din<\/strong> i prepustite se uzbu\u0111enju koje donosi vo\u017enja Quadom ili Buggy vozilom.<\/p>\n<h3 class=\"\" data-start=\"1276\" data-end=\"1307\"><strong data-start=\"1280\" data-end=\"1307\">Rezervacija i pla\u0107anje:<\/strong><\/h3>\n<p class=\"\" data-start=\"1309\" data-end=\"1450\">\u2757 <strong data-start=\"1311\" data-end=\"1358\">Pla\u0107anje se vr\u0161i direktno u na\u0161oj agenciji.<\/strong><br data-start=\"1358\" data-end=\"1361\" \/>Nakon \u0161to popunite formular, brzo \u0107emo odgovoriti na va\u0161 zahtjev i potvrditi rezervaciju.<\/p>\n","protected":false},"excerpt":{"rendered":"<p>Dobro do\u0161li u nezaboravnu avanturu vo\u017enje Quadom ili Buggy vozilom kroz predivne pejza\u017ee Crne Gore!Tura Mom\u010dilov Grad je savr\u0161en izbor za sve ljubitelje adrenalina i prirode. Na ovoj turi ima\u0107ete priliku da istra\u017eite zadivljuju\u0107e predjele Crnog jezera i kanjona Tare, dok u\u017eivate u panoramskim pogledima koji oduzimaju dah.\ud83d\udccf Ukupna du\u017eina ture: 23 kilometra\u23f3 Trajanje: oko [&hellip;]<\/p>\n","protected":false},"featured_media":421,"template":"","meta":{"_acf_changed":false,"inline_featured_image":false},"product_brand":[],"product_cat":[55],"product_tag":[],"class_list":{"0":"post-913","1":"product","2":"type-product","3":"status-publish","4":"has-post-thumbnail","6":"product_cat-quad-me","8":"first","9":"instock","10":"taxable","11":"shipping-taxable","12":"purchasable","13":"product-type-simple"},"acf":[],"_links":{"self":[{"href":"https:\/\/tarakularaft.com\/me\/wp-json\/wp\/v2\/product\/913","targetHints":{"allow":["GET"]}}],"collection":[{"href":"https:\/\/tarakularaft.com\/me\/wp-json\/wp\/v2\/product"}],"about":[{"href":"https:\/\/tarakularaft.com\/me\/wp-json\/wp\/v2\/types\/product"}],"wp:featuredmedia":[{"embeddable":true,"href":"https:\/\/tarakularaft.com\/me\/wp-json\/wp\/v2\/media\/421"}],"wp:attachment":[{"href":"https:\/\/tarakularaft.com\/me\/wp-json\/wp\/v2\/media?parent=913"}],"wp:term":[{"taxonomy":"product_brand","embeddable":true,"href":"https:\/\/tarakularaft.com\/me\/wp-json\/wp\/v2\/product_brand?post=913"},{"taxonomy":"product_cat","embeddable":true,"href":"https:\/\/tarakularaft.com\/me\/wp-json\/wp\/v2\/product_cat?post=913"},{"taxonomy":"product_tag","embeddable":true,"href":"https:\/\/tarakularaft.com\/me\/wp-json\/wp\/v2\/product_tag?post=913"}],"curies":[{"name":"wp","href":"https:\/\/api.w.org\/{rel}","templated":true}]}}