{"id":911,"date":"2025-04-29T19:12:45","date_gmt":"2025-04-29T19:12:45","guid":{"rendered":"https:\/\/tara.electroinvest.me\/product\/two-days-rafting-starting-from-the-deepest-part-of-the-canyon\/"},"modified":"2025-05-04T18:21:55","modified_gmt":"2025-05-04T18:21:55","slug":"dvodnevni-rafting-iz-najdubljeg-dijela-kanjona","status":"publish","type":"product","link":"https:\/\/tarakularaft.com\/me\/product\/dvodnevni-rafting-iz-najdubljeg-dijela-kanjona\/","title":{"rendered":"Dvodnevni rafting iz najdubljeg dijela kanjona"},"content":{"rendered":"<h4 class=\"\" data-start=\"145\" data-end=\"197\">\ud83d\udcc5 <strong data-start=\"153\" data-end=\"197\">Dan 1 \u2013 Jeep tura + rafting + kampovanje<\/strong><\/h4>\n<p class=\"\" data-start=\"199\" data-end=\"394\">Po dolasku u na\u0161u agenciju (ili preuzimanjem sa va\u0161e adrese), kre\u0107emo u <strong data-start=\"271\" data-end=\"295\">90-minutnu d\u017eip turu<\/strong> ka <strong data-start=\"299\" data-end=\"333\">najdubljem dijelu kanjona Tare<\/strong>, gdje se nalazi i startna ta\u010dka raftinga \u2013 <strong data-start=\"377\" data-end=\"393\">Radovan luka<\/strong>.<\/p>\n<p class=\"\" data-start=\"396\" data-end=\"551\">\u27a1\ufe0f Spu\u0161tamo se niz <strong data-start=\"415\" data-end=\"430\">Tepa\u010dki buk<\/strong>, prolazimo pored \u010duvenog <strong data-start=\"456\" data-end=\"483\">vodopada Bajlovi\u0107a sige<\/strong>, dok u\u017eivamo u prirodnim ljepotama ovog jedinstvenog dijela rijeke.<\/p>\n<p class=\"\" data-start=\"553\" data-end=\"719\">Nakon <strong data-start=\"559\" data-end=\"582\">oko 4 sata raftinga<\/strong>, sti\u017eemo u <strong data-start=\"594\" data-end=\"614\">kamp Br\u0161tanovica<\/strong>, gdje nas o\u010dekuje <strong data-start=\"633\" data-end=\"680\">ve\u010dera, logorska vatra i dru\u017eenje uz muziku<\/strong>. No\u0107enje u kampu pod zvjezdanim nebom.<\/p>\n<h4 data-start=\"726\" data-end=\"796\"><\/h4>\n<h4 class=\"\" data-start=\"726\" data-end=\"796\">\ud83d\udcc5 <strong data-start=\"734\" data-end=\"796\">Dan 2 \u2013 Najuzbudljiviji dio raftinga + ru\u010dak + NP Durmitor<\/strong><\/h4>\n<p class=\"\" data-start=\"798\" data-end=\"974\">Nakon doru\u010dka, nastavljamo rafting kroz <strong data-start=\"838\" data-end=\"890\">najatraktivnije i najzahtjevnije dijelove rijeke<\/strong>:<br data-start=\"891\" data-end=\"894\" \/>\u27a1\ufe0f <strong data-start=\"897\" data-end=\"930\">Br\u0161tanova\u010dki, Borovi i \u0106elije<\/strong> \u2013 puni adrenalina i nezaboravnih trenutaka.<\/p>\n<p class=\"\" data-start=\"976\" data-end=\"1123\">Po zavr\u0161etku <strong data-start=\"989\" data-end=\"1014\">ukupno 63 km raftinga<\/strong>, sti\u017eemo u <strong data-start=\"1026\" data-end=\"1042\">\u0160\u0107epan Polje<\/strong> u poslijepodnevnim \u010dasovima, gdje nas o\u010dekuje <strong data-start=\"1089\" data-end=\"1122\">ru\u010dak u nacionalnom restoranu<\/strong>.<\/p>\n<p class=\"\" data-start=\"1125\" data-end=\"1283\">\u27a1\ufe0f Zatim kre\u0107emo nazad ka \u017dabljaku <strong data-start=\"1160\" data-end=\"1193\">kroz Nacionalni park Durmitor<\/strong>, sa usputnim pauzama za <strong data-start=\"1218\" data-end=\"1282\">fotografisanje planinskih masiva, jezera i prirodnih pejza\u017ea<\/strong>.<\/p>\n<p class=\"\" data-start=\"1285\" data-end=\"1355\">\ud83d\udccd Dolazak u <strong data-start=\"1298\" data-end=\"1309\">\u017dabljak<\/strong> ozna\u010dava kraj ove nezaboravne dvodnevne ture.<\/p>\n","protected":false},"excerpt":{"rendered":"<p>\ud83d\udcc5 Dan 1 \u2013 Jeep tura + rafting + kampovanje Po dolasku u na\u0161u agenciju (ili preuzimanjem sa va\u0161e adrese), kre\u0107emo u 90-minutnu d\u017eip turu ka najdubljem dijelu kanjona Tare, gdje se nalazi i startna ta\u010dka raftinga \u2013 Radovan luka. \u27a1\ufe0f Spu\u0161tamo se niz Tepa\u010dki buk, prolazimo pored \u010duvenog vodopada Bajlovi\u0107a sige, dok u\u017eivamo u [&hellip;]<\/p>\n","protected":false},"featured_media":425,"template":"","meta":{"_acf_changed":false,"inline_featured_image":false},"product_brand":[],"product_cat":[45],"product_tag":[],"class_list":{"0":"post-911","1":"product","2":"type-product","3":"status-publish","4":"has-post-thumbnail","6":"product_cat-rafting-me","8":"first","9":"instock","10":"taxable","11":"shipping-taxable","12":"purchasable","13":"product-type-simple"},"acf":[],"_links":{"self":[{"href":"https:\/\/tarakularaft.com\/me\/wp-json\/wp\/v2\/product\/911","targetHints":{"allow":["GET"]}}],"collection":[{"href":"https:\/\/tarakularaft.com\/me\/wp-json\/wp\/v2\/product"}],"about":[{"href":"https:\/\/tarakularaft.com\/me\/wp-json\/wp\/v2\/types\/product"}],"wp:featuredmedia":[{"embeddable":true,"href":"https:\/\/tarakularaft.com\/me\/wp-json\/wp\/v2\/media\/425"}],"wp:attachment":[{"href":"https:\/\/tarakularaft.com\/me\/wp-json\/wp\/v2\/media?parent=911"}],"wp:term":[{"taxonomy":"product_brand","embeddable":true,"href":"https:\/\/tarakularaft.com\/me\/wp-json\/wp\/v2\/product_brand?post=911"},{"taxonomy":"product_cat","embeddable":true,"href":"https:\/\/tarakularaft.com\/me\/wp-json\/wp\/v2\/product_cat?post=911"},{"taxonomy":"product_tag","embeddable":true,"href":"https:\/\/tarakularaft.com\/me\/wp-json\/wp\/v2\/product_tag?post=911"}],"curies":[{"name":"wp","href":"https:\/\/api.w.org\/{rel}","templated":true}]}}