{"id":908,"date":"2025-04-29T19:12:46","date_gmt":"2025-04-29T19:12:46","guid":{"rendered":"https:\/\/tara.electroinvest.me\/product\/special-two-days-rafting-with-camping\/"},"modified":"2025-05-04T18:18:17","modified_gmt":"2025-05-04T18:18:17","slug":"specijalna-dvodnevna-rafting-avantura-sa-kampovanjem","status":"publish","type":"product","link":"https:\/\/tarakularaft.com\/me\/product\/specijalna-dvodnevna-rafting-avantura-sa-kampovanjem\/","title":{"rendered":"Specijalna dvodnevna rafting avantura sa kampovanjem"},"content":{"rendered":"<h4 class=\"\" data-start=\"182\" data-end=\"230\"><strong data-start=\"187\" data-end=\"230\">\ud83d\udcc5 Dan 1 \u2013 Rafting + ru\u010dak + kampovanje<\/strong><\/h4>\n<p class=\"\" data-start=\"232\" data-end=\"550\">Po\u010detak priprema za rafting je <strong data-start=\"263\" data-end=\"281\">u 10:00 \u010dasova<\/strong>. Svaki u\u010desnik dobija kompletnu opremu: <strong data-start=\"322\" data-end=\"386\">neoprensko odijelo, \u010dizme, sigurnosni prsluk, kacigu i veslo<\/strong>. Nakon opremanja, kre\u0107emo na\u0161im terenskim vozilima do rafting pristani\u0161ta \u2013 udaljenog oko 3 km od startne pozicije. Slijedi kratak uvod i bezbjednosne instrukcije.<\/p>\n<p class=\"\" data-start=\"552\" data-end=\"814\">\u27a1\ufe0f Tokom spu\u0161tanja, pravi\u0107emo pauzu za osvje\u017eenje na rijeci <strong data-start=\"612\" data-end=\"623\">Ljutici<\/strong>, kao i u\u017einu na <strong data-start=\"640\" data-end=\"659\">Mu\u0161ovim vrelima<\/strong>.<br data-start=\"660\" data-end=\"663\" \/>\u27a1\ufe0f Prolazimo kroz <strong data-start=\"681\" data-end=\"723\">najnarrowiji dio kanjona \u2013 Lazin kamen<\/strong>, zatim dolazimo do <strong data-start=\"743\" data-end=\"759\">Radovan luke<\/strong>, gdje nas o\u010dekuje <strong data-start=\"778\" data-end=\"811\">ru\u010dak u nacionalnom restoranu<\/strong>.<\/p>\n<p class=\"\" data-start=\"816\" data-end=\"980\">Nakon ru\u010dka, nastavljamo rafting kroz <strong data-start=\"854\" data-end=\"869\">Tepa\u010dki buk<\/strong>, gdje je kanjon najdublji \u2013 preko <strong data-start=\"904\" data-end=\"919\">1300 metara<\/strong>, i prolazimo pored <strong data-start=\"939\" data-end=\"957\">Bajlovi\u0107a sige<\/strong>, impresivnog vodopada.<\/p>\n<p class=\"\" data-start=\"982\" data-end=\"1153\">\ud83d\udccd Poslije oko <strong data-start=\"997\" data-end=\"1016\">8 sati raftinga<\/strong>, u ve\u010dernjim \u010dasovima sti\u017eemo u <strong data-start=\"1049\" data-end=\"1069\">kamp Br\u0161tanovica<\/strong>, gdje nas \u010deka <strong data-start=\"1085\" data-end=\"1120\">ve\u010dera, logorska vatra i muzika<\/strong>. No\u0107enje u kampu pod zvijezdama.<\/p>\n<h4 data-start=\"1160\" data-end=\"1226\"><\/h4>\n<h4 class=\"\" data-start=\"1160\" data-end=\"1226\"><strong data-start=\"1165\" data-end=\"1226\">\ud83d\udcc5 Dan 2 \u2013 Rafting + ru\u010dak + foto safari kroz NP Durmitor<\/strong><\/h4>\n<p class=\"\" data-start=\"1228\" data-end=\"1413\">Nakon doru\u010dka u kampu, nastavljamo rafting \u2013 ovog puta kroz najuzbudljivije dijelove rijeke:<br data-start=\"1320\" data-end=\"1323\" \/><strong data-start=\"1323\" data-end=\"1356\">Br\u0161tanova\u010dki, Borovi i \u0106elije<\/strong> \u2013 tehni\u010dki najzahtjevniji i najatraktivniji brzaci Tare.<\/p>\n<p class=\"\" data-start=\"1415\" data-end=\"1557\">\u27a1\ufe0f Poslije ukupno <strong data-start=\"1433\" data-end=\"1451\">96 km raftinga<\/strong>, sti\u017eemo u <strong data-start=\"1463\" data-end=\"1479\">\u0160\u0107epan Polje<\/strong> u poslijepodnevnim \u010dasovima, gdje nas \u010deka <strong data-start=\"1523\" data-end=\"1556\">ru\u010dak u nacionalnom restoranu<\/strong>.<\/p>\n<p class=\"\" data-start=\"1559\" data-end=\"1763\">\u27a1\ufe0f Nakon ru\u010dka, vra\u0107amo se ka \u017dabljaku kroz <strong data-start=\"1603\" data-end=\"1631\">Nacionalni park Durmitor<\/strong>, uz obilazak brojnih <strong data-start=\"1653\" data-end=\"1682\">planinskih masiva, jezera<\/strong> i vidikovaca. Organizovan je i <strong data-start=\"1714\" data-end=\"1729\">foto-safari<\/strong>, sa vi\u0161e pauza za fotografisanje.<\/p>\n<p class=\"\" data-start=\"1765\" data-end=\"1865\">\ud83d\udccd Dolazak u <strong data-start=\"1778\" data-end=\"1810\">\u017dabljak u ve\u010dernjim \u010dasovima<\/strong> \u2013 \u010dime se zavr\u0161ava ova jedinstvena dvodnevna avantura.<\/p>\n","protected":false},"excerpt":{"rendered":"<p>\ud83d\udcc5 Dan 1 \u2013 Rafting + ru\u010dak + kampovanje Po\u010detak priprema za rafting je u 10:00 \u010dasova. Svaki u\u010desnik dobija kompletnu opremu: neoprensko odijelo, \u010dizme, sigurnosni prsluk, kacigu i veslo. Nakon opremanja, kre\u0107emo na\u0161im terenskim vozilima do rafting pristani\u0161ta \u2013 udaljenog oko 3 km od startne pozicije. Slijedi kratak uvod i bezbjednosne instrukcije. \u27a1\ufe0f Tokom [&hellip;]<\/p>\n","protected":false},"featured_media":429,"template":"","meta":{"_acf_changed":false,"inline_featured_image":false},"product_brand":[],"product_cat":[45],"product_tag":[],"class_list":{"0":"post-908","1":"product","2":"type-product","3":"status-publish","4":"has-post-thumbnail","6":"product_cat-rafting-me","8":"first","9":"instock","10":"taxable","11":"shipping-taxable","12":"purchasable","13":"product-type-simple"},"acf":[],"_links":{"self":[{"href":"https:\/\/tarakularaft.com\/me\/wp-json\/wp\/v2\/product\/908","targetHints":{"allow":["GET"]}}],"collection":[{"href":"https:\/\/tarakularaft.com\/me\/wp-json\/wp\/v2\/product"}],"about":[{"href":"https:\/\/tarakularaft.com\/me\/wp-json\/wp\/v2\/types\/product"}],"wp:featuredmedia":[{"embeddable":true,"href":"https:\/\/tarakularaft.com\/me\/wp-json\/wp\/v2\/media\/429"}],"wp:attachment":[{"href":"https:\/\/tarakularaft.com\/me\/wp-json\/wp\/v2\/media?parent=908"}],"wp:term":[{"taxonomy":"product_brand","embeddable":true,"href":"https:\/\/tarakularaft.com\/me\/wp-json\/wp\/v2\/product_brand?post=908"},{"taxonomy":"product_cat","embeddable":true,"href":"https:\/\/tarakularaft.com\/me\/wp-json\/wp\/v2\/product_cat?post=908"},{"taxonomy":"product_tag","embeddable":true,"href":"https:\/\/tarakularaft.com\/me\/wp-json\/wp\/v2\/product_tag?post=908"}],"curies":[{"name":"wp","href":"https:\/\/api.w.org\/{rel}","templated":true}]}}