{"id":906,"date":"2025-04-29T19:12:47","date_gmt":"2025-04-29T19:12:47","guid":{"rendered":"https:\/\/tara.electroinvest.me\/product\/zip-line\/"},"modified":"2025-05-04T18:10:16","modified_gmt":"2025-05-04T18:10:16","slug":"zipline-brza-doza-adrenalina","status":"publish","type":"product","link":"https:\/\/tarakularaft.com\/me\/product\/zipline-brza-doza-adrenalina\/","title":{"rendered":"Zipline \u2013 Brza doza adrenalina!"},"content":{"rendered":"<ul data-start=\"122\" data-end=\"230\">\n<li class=\"\" data-start=\"122\" data-end=\"165\">\n<p class=\"\" data-start=\"124\" data-end=\"165\">\u23f1\ufe0f <strong data-start=\"127\" data-end=\"147\">Trajanje vo\u017enje:<\/strong> 40 \u2013 50 sekundi<\/p>\n<\/li>\n<li class=\"\" data-start=\"166\" data-end=\"201\">\n<p class=\"\" data-start=\"168\" data-end=\"201\">\ud83d\udccf <strong data-start=\"171\" data-end=\"188\">Du\u017eina sajle:<\/strong> 350 metara<\/p>\n<\/li>\n<li class=\"\" data-start=\"202\" data-end=\"230\">\n<p class=\"\" data-start=\"204\" data-end=\"230\">\u26a1 <strong data-start=\"206\" data-end=\"217\">Brzina:<\/strong> do 50 km\/h<\/p>\n<\/li>\n<\/ul>\n<p class=\"\" data-start=\"232\" data-end=\"419\">Letite iznad prirodnih ljepota i osjetite uzbu\u0111enje dok juri\u0161ate sajlom pri brzini od 50 km\/h!<br data-start=\"326\" data-end=\"329\" \/>Savr\u0161ena kratka avantura za sve koji \u017eele sna\u017ean nalet adrenalina u samo nekoliko sekundi!<\/p>\n","protected":false},"excerpt":{"rendered":"<p>\u23f1\ufe0f Trajanje vo\u017enje: 40 \u2013 50 sekundi \ud83d\udccf Du\u017eina sajle: 350 metara \u26a1 Brzina: do 50 km\/h Letite iznad prirodnih ljepota i osjetite uzbu\u0111enje dok juri\u0161ate sajlom pri brzini od 50 km\/h!Savr\u0161ena kratka avantura za sve koji \u017eele sna\u017ean nalet adrenalina u samo nekoliko sekundi!<\/p>\n","protected":false},"featured_media":433,"template":"","meta":{"_acf_changed":false,"inline_featured_image":false},"product_brand":[],"product_cat":[53],"product_tag":[],"class_list":{"0":"post-906","1":"product","2":"type-product","3":"status-publish","4":"has-post-thumbnail","6":"product_cat-zip-line-me","8":"first","9":"instock","10":"taxable","11":"shipping-taxable","12":"purchasable","13":"product-type-simple"},"acf":[],"_links":{"self":[{"href":"https:\/\/tarakularaft.com\/me\/wp-json\/wp\/v2\/product\/906","targetHints":{"allow":["GET"]}}],"collection":[{"href":"https:\/\/tarakularaft.com\/me\/wp-json\/wp\/v2\/product"}],"about":[{"href":"https:\/\/tarakularaft.com\/me\/wp-json\/wp\/v2\/types\/product"}],"wp:featuredmedia":[{"embeddable":true,"href":"https:\/\/tarakularaft.com\/me\/wp-json\/wp\/v2\/media\/433"}],"wp:attachment":[{"href":"https:\/\/tarakularaft.com\/me\/wp-json\/wp\/v2\/media?parent=906"}],"wp:term":[{"taxonomy":"product_brand","embeddable":true,"href":"https:\/\/tarakularaft.com\/me\/wp-json\/wp\/v2\/product_brand?post=906"},{"taxonomy":"product_cat","embeddable":true,"href":"https:\/\/tarakularaft.com\/me\/wp-json\/wp\/v2\/product_cat?post=906"},{"taxonomy":"product_tag","embeddable":true,"href":"https:\/\/tarakularaft.com\/me\/wp-json\/wp\/v2\/product_tag?post=906"}],"curies":[{"name":"wp","href":"https:\/\/api.w.org\/{rel}","templated":true}]}}