{"id":904,"date":"2025-04-29T19:12:47","date_gmt":"2025-04-29T19:12:47","guid":{"rendered":"https:\/\/tara.electroinvest.me\/product\/rafting-through-the-deepest-part-of-tara-canyon-36km-rafting\/"},"modified":"2025-05-04T18:14:15","modified_gmt":"2025-05-04T18:14:15","slug":"rafting-kroz-najdublji-dio-kanjona-tare-36-km-raftinga","status":"publish","type":"product","link":"https:\/\/tarakularaft.com\/me\/product\/rafting-kroz-najdublji-dio-kanjona-tare-36-km-raftinga\/","title":{"rendered":"Rafting kroz najdublji dio kanjona Tare (36 km raftinga)"},"content":{"rendered":"<p class=\"\" data-start=\"231\" data-end=\"498\">Pripremite se za izuzetnu <strong data-start=\"257\" data-end=\"281\">cjelodnevnu avanturu<\/strong> dok kre\u0107emo na <strong data-start=\"297\" data-end=\"341\">uzbudljivu rafting turu kroz kanjon Tare<\/strong> \u2013 drugi najdublji kanjon na svijetu. Ovo <strong data-start=\"383\" data-end=\"407\">ekskluzivno iskustvo<\/strong> nudi jedinstvenu priliku da do\u017eivite nestvarnu ljepotu kanjona iz sasvim nove perspektive.<\/p>\n<p class=\"\" data-start=\"500\" data-end=\"628\">\ud83d\udccd <strong data-start=\"503\" data-end=\"520\">Po\u010detak ture:<\/strong> u 9:30h<br data-start=\"528\" data-end=\"531\" \/>\ud83d\udd54 <strong data-start=\"534\" data-end=\"548\">Zavr\u0161etak:<\/strong> oko 17:00h<br data-start=\"559\" data-end=\"562\" \/>\u23f3 <strong data-start=\"564\" data-end=\"577\">Trajanje:<\/strong> oko 7 sati<br data-start=\"588\" data-end=\"591\" \/>\ud83d\udccf <strong data-start=\"594\" data-end=\"614\">Du\u017eina raftinga:<\/strong> 36 kilometara<\/p>\n<h3 class=\"\" data-start=\"635\" data-end=\"659\"><strong data-start=\"639\" data-end=\"659\">\u0160ta vas o\u010dekuje:<\/strong><\/h3>\n<p class=\"\" data-start=\"661\" data-end=\"879\">\u2705 <strong data-start=\"663\" data-end=\"673\">Prevoz<\/strong> sa va\u0161e lokacije ili dolazak u agenciju<br data-start=\"713\" data-end=\"716\" \/>\u2705 <strong data-start=\"718\" data-end=\"742\">Profesionalna oprema<\/strong>: neoprensko odijelo, \u010dizme, sigurnosni prsluk, kaciga i veslo<br data-start=\"804\" data-end=\"807\" \/>\u2705 <strong data-start=\"809\" data-end=\"827\">Iskusni vodi\u010di<\/strong> koji osiguravaju bezbjednost i maksimalan do\u017eivljaj<\/p>\n<h3 class=\"\" data-start=\"886\" data-end=\"909\"><strong data-start=\"890\" data-end=\"909\">Tura uklju\u010duje:<\/strong><\/h3>\n<p class=\"\" data-start=\"911\" data-end=\"1395\">\ud83d\udea3\u200d\u2642\ufe0f <strong data-start=\"917\" data-end=\"972\">Rafting kroz najljep\u0161i i najdublji dio kanjona Tare<\/strong>, sa brojnim brzacima, kaskadama i mjestima za kupanje<br data-start=\"1026\" data-end=\"1029\" \/>\ud83d\udcf8 <strong data-start=\"1032\" data-end=\"1059\">Pauze za fotografisanje<\/strong> i u\u017eivanje u pejza\u017eima<br data-start=\"1082\" data-end=\"1085\" \/>\ud83d\udca7 Posjeta rijeci <strong data-start=\"1103\" data-end=\"1114\">Ljutici<\/strong> \u2013 najkra\u0107oj rijeci u Evropi i najve\u0107em izvoru pitke vode na svijetu (1000 l\/s)<br data-start=\"1193\" data-end=\"1196\" \/>\ud83c\udf09 <strong data-start=\"1199\" data-end=\"1226\">Foto-safari ispod mosta<\/strong> na Tari \u2013 neponovljive vizure i uspomene<br data-start=\"1267\" data-end=\"1270\" \/>\ud83e\udded Plovidba kroz <strong data-start=\"1287\" data-end=\"1317\">najdublje dijelove kanjona<\/strong>, sa dubinama ve\u0107im od 1300 metara<br data-start=\"1351\" data-end=\"1354\" \/>\ud83c\udfde\ufe0f Zavr\u0161etak raftinga u <strong data-start=\"1379\" data-end=\"1395\">Radovan luci<\/strong><\/p>\n<h3 class=\"\" data-start=\"1402\" data-end=\"1460\"><strong data-start=\"1406\" data-end=\"1460\">Nastavak avanture \u2013 D\u017eip tura kroz srce Durmitora:<\/strong><\/h3>\n<p class=\"\" data-start=\"1462\" data-end=\"1633\">Nakon raftinga, za sve \u017eeljne jo\u0161 uzbu\u0111enja, organizujemo <strong data-start=\"1520\" data-end=\"1573\">dodatnu d\u017eip turu kroz najljep\u0161e dijelove regiona<\/strong>, pru\u017eaju\u0107i vam kompletno iskustvo prirodnih \u010duda Crne Gore.<\/p>\n<h3 class=\"\" data-start=\"1640\" data-end=\"1662\"><strong data-start=\"1644\" data-end=\"1662\">Opcioni ru\u010dak:<\/strong><\/h3>\n<p class=\"\" data-start=\"1664\" data-end=\"1803\">\ud83c\udf7d\ufe0f Po \u017eelji, u\u017eivajte u tradicionalnom ru\u010dku:<br data-start=\"1710\" data-end=\"1713\" \/>\u2013 <strong data-start=\"1715\" data-end=\"1739\">Janjetina ispod sa\u010da<\/strong><br data-start=\"1739\" data-end=\"1742\" \/>\u2013 <strong data-start=\"1744\" data-end=\"1763\">Svje\u017ea pastrmka<\/strong><br data-start=\"1763\" data-end=\"1766\" \/>\u2013 <strong data-start=\"1768\" data-end=\"1803\">Specijaliteti iz doma\u0107e kuhinje<\/strong><\/p>\n<h3 class=\"\" data-start=\"1810\" data-end=\"1836\"><strong data-start=\"1814\" data-end=\"1836\">Va\u017ene informacije:<\/strong><\/h3>\n<ul data-start=\"1838\" data-end=\"1990\">\n<li class=\"\" data-start=\"1838\" data-end=\"1881\">\n<p class=\"\" data-start=\"1840\" data-end=\"1881\"><strong data-start=\"1840\" data-end=\"1865\">Tura traje oko 7 sati<\/strong> (09:30\u201317:00)<\/p>\n<\/li>\n<li class=\"\" data-start=\"1882\" data-end=\"1926\">\n<p class=\"\" data-start=\"1884\" data-end=\"1926\"><strong data-start=\"1884\" data-end=\"1924\">Preporu\u010duje se rezervacija unaprijed<\/strong><\/p>\n<\/li>\n<li class=\"\" data-start=\"1927\" data-end=\"1990\">\n<p class=\"\" data-start=\"1929\" data-end=\"1990\">Pogodno za sve ljubitelje prirode, fotografije i adrenalina<\/p>\n<\/li>\n<\/ul>\n<p class=\"\" data-start=\"1997\" data-end=\"2139\">Radujemo se \u0161to \u0107emo vam pru\u017eiti <strong data-start=\"2030\" data-end=\"2092\">nezaboravno rafting i d\u017eip iskustvo kroz srce kanjona Tare<\/strong> \u2013 jedno od najimpresivnijih mjesta na planeti!<\/p>\n","protected":false},"excerpt":{"rendered":"<p>Pripremite se za izuzetnu cjelodnevnu avanturu dok kre\u0107emo na uzbudljivu rafting turu kroz kanjon Tare \u2013 drugi najdublji kanjon na svijetu. Ovo ekskluzivno iskustvo nudi jedinstvenu priliku da do\u017eivite nestvarnu ljepotu kanjona iz sasvim nove perspektive. \ud83d\udccd Po\u010detak ture: u 9:30h\ud83d\udd54 Zavr\u0161etak: oko 17:00h\u23f3 Trajanje: oko 7 sati\ud83d\udccf Du\u017eina raftinga: 36 kilometara \u0160ta vas o\u010dekuje: [&hellip;]<\/p>\n","protected":false},"featured_media":437,"template":"","meta":{"_acf_changed":false,"inline_featured_image":false},"product_brand":[],"product_cat":[45],"product_tag":[],"class_list":{"0":"post-904","1":"product","2":"type-product","3":"status-publish","4":"has-post-thumbnail","6":"product_cat-rafting-me","8":"first","9":"instock","10":"taxable","11":"shipping-taxable","12":"purchasable","13":"product-type-simple"},"acf":[],"_links":{"self":[{"href":"https:\/\/tarakularaft.com\/me\/wp-json\/wp\/v2\/product\/904","targetHints":{"allow":["GET"]}}],"collection":[{"href":"https:\/\/tarakularaft.com\/me\/wp-json\/wp\/v2\/product"}],"about":[{"href":"https:\/\/tarakularaft.com\/me\/wp-json\/wp\/v2\/types\/product"}],"wp:featuredmedia":[{"embeddable":true,"href":"https:\/\/tarakularaft.com\/me\/wp-json\/wp\/v2\/media\/437"}],"wp:attachment":[{"href":"https:\/\/tarakularaft.com\/me\/wp-json\/wp\/v2\/media?parent=904"}],"wp:term":[{"taxonomy":"product_brand","embeddable":true,"href":"https:\/\/tarakularaft.com\/me\/wp-json\/wp\/v2\/product_brand?post=904"},{"taxonomy":"product_cat","embeddable":true,"href":"https:\/\/tarakularaft.com\/me\/wp-json\/wp\/v2\/product_cat?post=904"},{"taxonomy":"product_tag","embeddable":true,"href":"https:\/\/tarakularaft.com\/me\/wp-json\/wp\/v2\/product_tag?post=904"}],"curies":[{"name":"wp","href":"https:\/\/api.w.org\/{rel}","templated":true}]}}