{"id":899,"date":"2025-04-29T19:12:50","date_gmt":"2025-04-29T19:12:50","guid":{"rendered":"https:\/\/tara.electroinvest.me\/product\/jeep-safari-the-ring-of-durmitor\/"},"modified":"2025-05-04T18:04:57","modified_gmt":"2025-05-04T18:04:57","slug":"jeep-safari-prsten-durmitora","status":"publish","type":"product","link":"https:\/\/tarakularaft.com\/me\/product\/jeep-safari-prsten-durmitora\/","title":{"rendered":"Jeep Safari \u2013 Prsten Durmitora"},"content":{"rendered":"<p class=\"\" data-start=\"143\" data-end=\"266\">Krenite u nezaboravnu avanturu i otkrijte \u010darobne pejza\u017ee Durmitora na uzbudljivoj turi <strong data-start=\"231\" data-end=\"266\">&#8220;Prsten Durmitora&#8221; Jeep Safari!<\/strong><\/p>\n<p class=\"\" data-start=\"268\" data-end=\"512\">\ud83d\udcb6 <strong data-start=\"271\" data-end=\"282\">Cijena:<\/strong> 150 \u20ac za dvije osobe<br data-start=\"303\" data-end=\"306\" \/>\ud83d\udc65 <strong data-start=\"309\" data-end=\"332\">Svaka naredna osoba<\/strong> dopla\u0107uje se simboli\u010dno<br data-start=\"356\" data-end=\"359\" \/>\ud83d\udccd <strong data-start=\"362\" data-end=\"385\">Polazak i povratak:<\/strong> \u017dabljak ili agencija kod velikog mosta na Tari<br data-start=\"432\" data-end=\"435\" \/>\u23f3 <strong data-start=\"437\" data-end=\"450\">Trajanje:<\/strong> 4\u20135 sati<br data-start=\"459\" data-end=\"462\" \/>\ud83d\ude99 <strong data-start=\"465\" data-end=\"490\">Broj osoba po vozilu:<\/strong> minimum 2, maksimum 8<\/p>\n<hr class=\"\" data-start=\"514\" data-end=\"517\" \/>\n<h3 class=\"\" data-start=\"519\" data-end=\"540\"><strong data-start=\"523\" data-end=\"540\">DETALJI TURE:<\/strong><\/h3>\n<p class=\"\" data-start=\"542\" data-end=\"769\">Iz polazne ta\u010dke vozimo do <strong data-start=\"569\" data-end=\"590\">vidikovca \u0106urevac<\/strong> na <strong data-start=\"594\" data-end=\"621\">1700 m nadmorske visine<\/strong>. Sa ovog vidikovca pru\u017ea se spektakularan pogled na <strong data-start=\"674\" data-end=\"704\">najdublji dio kanjona Tare<\/strong> i <strong data-start=\"707\" data-end=\"721\">selo Tepca<\/strong>, najstarije naseljeno mjesto u op\u0161tini \u017dabljak.<\/p>\n<p class=\"\" data-start=\"771\" data-end=\"919\">Zatim nastavljamo ka vidikovcu <strong data-start=\"802\" data-end=\"811\">\u0160tuoc<\/strong>, sa koga se pru\u017ea panoramski pogled na <strong data-start=\"851\" data-end=\"862\">\u017dabljak<\/strong>, <strong data-start=\"864\" data-end=\"879\">Crno jezero<\/strong> i <strong data-start=\"882\" data-end=\"918\">sjeverni dio Durmitorskog masiva<\/strong>.<\/p>\n<p class=\"\" data-start=\"921\" data-end=\"1206\">Nastavljamo vo\u017enju prema selu <strong data-start=\"951\" data-end=\"964\">Crna Gora<\/strong>, uz kratke pauze na nekoliko vidikovaca. Selo je posebno zanimljivo jer ima mali broj stanovnika koji se i dalje bave <strong data-start=\"1083\" data-end=\"1128\">tradicijom \u2013 sto\u010darstvom i poljoprivredom<\/strong>. Tokom zime, ovo selo biva potpuno odsje\u010deno zbog velikih snije\u017enih padavina.<\/p>\n<p class=\"\" data-start=\"1208\" data-end=\"1399\">Iz sela se spu\u0161tamo do <strong data-start=\"1231\" data-end=\"1274\">kanjona rijeke Su\u0161ice i Su\u0161i\u010dkog jezera<\/strong>. U prolje\u0107e jezero je puno vode koja oti\u010de u Taru, a ve\u0107 od juna pretvara se u <strong data-start=\"1354\" data-end=\"1398\">livadu idealnu za odmor i fotografisanje<\/strong>.<\/p>\n<p class=\"\" data-start=\"1401\" data-end=\"1707\">Nakon pauze kod jezera, penjemo se uz ivice kanjona do <strong data-start=\"1456\" data-end=\"1484\">visoravni Pivske planine<\/strong>. Za razliku od stjenovitog Durmitora, Pivska planina je prekrivena <strong data-start=\"1552\" data-end=\"1605\">valovitim bre\u017euljcima, pa\u0161njacima i starim \u0161umama<\/strong>. Tokom ljeta ovdje mo\u017eete vidjeti <strong data-start=\"1640\" data-end=\"1667\">hiljade ovaca na ispa\u0161i<\/strong> i u\u017eivati u pogledu na <strong data-start=\"1691\" data-end=\"1706\">kanjon Pive<\/strong>.<\/p>\n<p class=\"\" data-start=\"1709\" data-end=\"1877\">Po\u0161to je tura kru\u017ena (otuda naziv <em data-start=\"1743\" data-end=\"1761\">Prsten Durmitora<\/em>), sa Pivske planine kre\u0107emo nazad ka Durmitoru. Usput stajemo na vi\u0161e ta\u010daka za fotografisanje najljep\u0161ih predjela:<\/p>\n<p class=\"\" data-start=\"1879\" data-end=\"2059\">\ud83d\udccd <strong data-start=\"1882\" data-end=\"1896\">Todorev do<\/strong><br data-start=\"1896\" data-end=\"1899\" \/>\ud83d\udccd <strong data-start=\"1902\" data-end=\"1912\">Pruta\u0161<\/strong><br data-start=\"1912\" data-end=\"1915\" \/>\ud83d\udccd <strong data-start=\"1918\" data-end=\"1935\">Boljske grede<\/strong><br data-start=\"1935\" data-end=\"1938\" \/>\ud83d\udccd <strong data-start=\"1941\" data-end=\"1953\">Dobri do<\/strong><br data-start=\"1953\" data-end=\"1956\" \/>\ud83d\udccd <strong data-start=\"1959\" data-end=\"1978\">Valovito jezero<\/strong><br data-start=\"1978\" data-end=\"1981\" \/>\ud83d\udccd <strong data-start=\"1984\" data-end=\"2000\">Modro jezero<\/strong><br data-start=\"2000\" data-end=\"2003\" \/>\ud83d\udccd <strong data-start=\"2006\" data-end=\"2032\">Planinski prevoj Sedlo<\/strong> na 1907 m nadmorske visine<\/p>\n<p class=\"\" data-start=\"2061\" data-end=\"2113\">Nakon toga, povratak u <strong data-start=\"2084\" data-end=\"2095\">\u017dabljak<\/strong> i zavr\u0161etak ture.<\/p>\n","protected":false},"excerpt":{"rendered":"<p>Krenite u nezaboravnu avanturu i otkrijte \u010darobne pejza\u017ee Durmitora na uzbudljivoj turi &#8220;Prsten Durmitora&#8221; Jeep Safari! \ud83d\udcb6 Cijena: 150 \u20ac za dvije osobe\ud83d\udc65 Svaka naredna osoba dopla\u0107uje se simboli\u010dno\ud83d\udccd Polazak i povratak: \u017dabljak ili agencija kod velikog mosta na Tari\u23f3 Trajanje: 4\u20135 sati\ud83d\ude99 Broj osoba po vozilu: minimum 2, maksimum 8 DETALJI TURE: Iz polazne [&hellip;]<\/p>\n","protected":false},"featured_media":449,"template":"","meta":{"_acf_changed":false,"inline_featured_image":false},"product_brand":[],"product_cat":[47],"product_tag":[],"class_list":{"0":"post-899","1":"product","2":"type-product","3":"status-publish","4":"has-post-thumbnail","6":"product_cat-jeep-safari-me","8":"first","9":"instock","10":"taxable","11":"shipping-taxable","12":"purchasable","13":"product-type-simple"},"acf":[],"_links":{"self":[{"href":"https:\/\/tarakularaft.com\/me\/wp-json\/wp\/v2\/product\/899","targetHints":{"allow":["GET"]}}],"collection":[{"href":"https:\/\/tarakularaft.com\/me\/wp-json\/wp\/v2\/product"}],"about":[{"href":"https:\/\/tarakularaft.com\/me\/wp-json\/wp\/v2\/types\/product"}],"wp:featuredmedia":[{"embeddable":true,"href":"https:\/\/tarakularaft.com\/me\/wp-json\/wp\/v2\/media\/449"}],"wp:attachment":[{"href":"https:\/\/tarakularaft.com\/me\/wp-json\/wp\/v2\/media?parent=899"}],"wp:term":[{"taxonomy":"product_brand","embeddable":true,"href":"https:\/\/tarakularaft.com\/me\/wp-json\/wp\/v2\/product_brand?post=899"},{"taxonomy":"product_cat","embeddable":true,"href":"https:\/\/tarakularaft.com\/me\/wp-json\/wp\/v2\/product_cat?post=899"},{"taxonomy":"product_tag","embeddable":true,"href":"https:\/\/tarakularaft.com\/me\/wp-json\/wp\/v2\/product_tag?post=899"}],"curies":[{"name":"wp","href":"https:\/\/api.w.org\/{rel}","templated":true}]}}