{"id":896,"date":"2025-04-29T19:12:51","date_gmt":"2025-04-29T19:12:51","guid":{"rendered":"https:\/\/tara.electroinvest.me\/product\/jeep-safari-tara-kanyon\/"},"modified":"2025-05-04T18:00:48","modified_gmt":"2025-05-04T18:00:48","slug":"dzip-safari-kanjon-tare","status":"publish","type":"product","link":"https:\/\/tarakularaft.com\/me\/product\/dzip-safari-kanjon-tare\/","title":{"rendered":"D\u017eip Safari \u2013 Kanjon Tare"},"content":{"rendered":"<p class=\"\" data-start=\"135\" data-end=\"234\">Tura po\u010dinje i zavr\u0161ava na parkingu <strong data-start=\"171\" data-end=\"199\">na\u0161e agencije u \u017dabljaku<\/strong> ili <strong data-start=\"204\" data-end=\"233\">kod velikog mosta na Tari<\/strong>.<\/p>\n<p class=\"\" data-start=\"236\" data-end=\"400\">\ud83d\udccd <strong data-start=\"239\" data-end=\"252\">Trajanje:<\/strong> 2 sata i 30 minuta<br data-start=\"271\" data-end=\"274\" \/>\ud83d\udc65 <strong data-start=\"277\" data-end=\"302\">Broj osoba po vozilu:<\/strong> minimum 2, maksimum 8<br data-start=\"324\" data-end=\"327\" \/>\ud83d\udcb6 <strong data-start=\"330\" data-end=\"350\">Cijena po osobi:<\/strong> od 10 \u20ac do 30 \u20ac (zavisno od broja osoba u vozilu)<\/p>\n<h3 class=\"\" data-start=\"407\" data-end=\"428\"><strong data-start=\"411\" data-end=\"428\">DETALJI TURE:<\/strong><\/h3>\n<p class=\"\" data-start=\"430\" data-end=\"705\">Polazimo iz \u017dabljaka ili sa lokacije kod velikog mosta, i kre\u0107emo vo\u017enjom dugom 8 km ka brdu iznad <strong data-start=\"529\" data-end=\"546\">sela Zaglavak<\/strong>. Nakon kra\u0107e \u0161etnje od oko 100 metara sti\u017eemo do <strong data-start=\"596\" data-end=\"636\">vidikovca na 1150 m nadmorske visine<\/strong>, odakle se pru\u017ea <strong data-start=\"654\" data-end=\"704\">impresivan pogled na kanjon Tare i samu rijeku<\/strong>.<\/p>\n<p class=\"\" data-start=\"707\" data-end=\"1014\">Nakon toga, spu\u0161tamo se atraktivnim putem do nivoa rijeke, na oko <strong data-start=\"773\" data-end=\"799\">600 m nadmorske visine<\/strong>, a zatim se vra\u0107amo ka glavnom putu i dalje \u0161umskim putem vozimo do <strong data-start=\"868\" data-end=\"898\">manastira Svetog Arhangela<\/strong>. Ovaj manastir datira jo\u0161 iz <strong data-start=\"928\" data-end=\"943\">XIII vijeka<\/strong>, a kroz istoriju je vi\u0161e puta obnavljan \u2013 posljednji put 1991. godine.<\/p>\n<p class=\"\" data-start=\"1016\" data-end=\"1267\">Desetak minuta vo\u017enje od manastira vodi nas <strong data-start=\"1060\" data-end=\"1083\">ispod velikog mosta<\/strong>, gdje po\u010dinje \u0161etnja od <strong data-start=\"1108\" data-end=\"1146\">30 minuta do izvora rijeke Ljutice<\/strong> \u2013 najja\u010deg izvora u Evropi, sa protokom od <strong data-start=\"1190\" data-end=\"1215\">2000 litara u sekundi<\/strong>. Zbog toga je upisan u <strong data-start=\"1239\" data-end=\"1266\">Ginisovu knjigu rekorda<\/strong>.<\/p>\n<p class=\"\" data-start=\"1269\" data-end=\"1345\">Nakon obilaska izvora, vra\u0107amo se do vozila i vozimo nazad na polaznu ta\u010dku.<\/p>\n<p class=\"\" data-start=\"1352\" data-end=\"1497\">\ud83d\ude99 Tura vodi kroz <strong data-start=\"1370\" data-end=\"1390\">masive Durmitora<\/strong> \u2013 <strong data-start=\"1393\" data-end=\"1411\">Sedlo (1907 m)<\/strong> i <strong data-start=\"1414\" data-end=\"1433\">Pruta\u0161 (2244 m)<\/strong> \u2013 pru\u017eaju\u0107i vam nevjerovatne pejza\u017ee i nezaboravne fotografije.<\/p>\n<p class=\"\" data-start=\"1499\" data-end=\"1573\">\ud83d\udd55 <strong data-start=\"1502\" data-end=\"1545\">Povratak u \u017dabljak u ve\u010dernjim \u010dasovima<\/strong>, \u010dime se zavr\u0161ava aran\u017eman.<\/p>\n","protected":false},"excerpt":{"rendered":"<p>Tura po\u010dinje i zavr\u0161ava na parkingu na\u0161e agencije u \u017dabljaku ili kod velikog mosta na Tari. \ud83d\udccd Trajanje: 2 sata i 30 minuta\ud83d\udc65 Broj osoba po vozilu: minimum 2, maksimum 8\ud83d\udcb6 Cijena po osobi: od 10 \u20ac do 30 \u20ac (zavisno od broja osoba u vozilu) DETALJI TURE: Polazimo iz \u017dabljaka ili sa lokacije kod [&hellip;]<\/p>\n","protected":false},"featured_media":539,"template":"","meta":{"_acf_changed":false,"inline_featured_image":false},"product_brand":[],"product_cat":[47],"product_tag":[],"class_list":{"0":"post-896","1":"product","2":"type-product","3":"status-publish","4":"has-post-thumbnail","6":"product_cat-jeep-safari-me","8":"first","9":"instock","10":"taxable","11":"shipping-taxable","12":"purchasable","13":"product-type-simple"},"acf":[],"_links":{"self":[{"href":"https:\/\/tarakularaft.com\/me\/wp-json\/wp\/v2\/product\/896","targetHints":{"allow":["GET"]}}],"collection":[{"href":"https:\/\/tarakularaft.com\/me\/wp-json\/wp\/v2\/product"}],"about":[{"href":"https:\/\/tarakularaft.com\/me\/wp-json\/wp\/v2\/types\/product"}],"wp:featuredmedia":[{"embeddable":true,"href":"https:\/\/tarakularaft.com\/me\/wp-json\/wp\/v2\/media\/539"}],"wp:attachment":[{"href":"https:\/\/tarakularaft.com\/me\/wp-json\/wp\/v2\/media?parent=896"}],"wp:term":[{"taxonomy":"product_brand","embeddable":true,"href":"https:\/\/tarakularaft.com\/me\/wp-json\/wp\/v2\/product_brand?post=896"},{"taxonomy":"product_cat","embeddable":true,"href":"https:\/\/tarakularaft.com\/me\/wp-json\/wp\/v2\/product_cat?post=896"},{"taxonomy":"product_tag","embeddable":true,"href":"https:\/\/tarakularaft.com\/me\/wp-json\/wp\/v2\/product_tag?post=896"}],"curies":[{"name":"wp","href":"https:\/\/api.w.org\/{rel}","templated":true}]}}