{"id":894,"date":"2025-04-29T19:12:52","date_gmt":"2025-04-29T19:12:52","guid":{"rendered":"https:\/\/tara.electroinvest.me\/product\/horse-riding-on-durmitor-mountain\/"},"modified":"2025-05-04T17:52:57","modified_gmt":"2025-05-04T17:52:57","slug":"jahanje-konja-na-durmitoru","status":"publish","type":"product","link":"https:\/\/tarakularaft.com\/me\/product\/jahanje-konja-na-durmitoru\/","title":{"rendered":"Jahanje konja na Durmitoru"},"content":{"rendered":"<p class=\"\" data-start=\"159\" data-end=\"292\">U\u017eivajte u jedinstvenom do\u017eivljaju <strong data-start=\"194\" data-end=\"238\">jahanja kroz netaknutu prirodu Durmitora<\/strong>, jednog od najljep\u0161ih planinskih predjela u Evropi.<\/p>\n<p class=\"\" data-start=\"294\" data-end=\"449\">U na\u0161oj ponudi nalazi se <strong data-start=\"319\" data-end=\"357\">odli\u010dno opremljen teren za jahanje<\/strong>, prilago\u0111en i iskusnim jaha\u010dima, ali i onima koji se <strong data-start=\"411\" data-end=\"446\">prvi put susre\u0107u s ovim sportom<\/strong>.<\/p>\n<p class=\"\" data-start=\"451\" data-end=\"651\"><strong data-start=\"451\" data-end=\"489\">Konji su pa\u017eljivo birani i obu\u010deni<\/strong>, mirne naravi i idealni za sve uzraste. Na\u0161i <strong data-start=\"535\" data-end=\"575\">instruktori su licencirani i iskusni<\/strong>, posve\u0107eni svakom u\u010desniku kako bi do\u017eivljaj bio bezbjedan i nezaboravan.<\/p>\n<p class=\"\" data-start=\"653\" data-end=\"818\"><strong data-start=\"653\" data-end=\"726\">Tura jahanja mo\u017ee obuhvatiti laganu \u0161etnju kroz livade i \u0161umske staze<\/strong>, ali i du\u017ee avanturisti\u010dke rute sa pogledom na durmitorske vrhove i panoramske vidikovce.<\/p>\n<p class=\"\" data-start=\"820\" data-end=\"1003\">\ud83d\udccd <strong data-start=\"823\" data-end=\"855\">Lokacija: \u017dabljak \u2013 Durmitor<\/strong><br data-start=\"855\" data-end=\"858\" \/>\ud83d\udc68\u200d\ud83d\udc69\u200d\ud83d\udc67\u200d\ud83d\udc66 <strong data-start=\"924\" data-end=\"954\">Pogodno za djecu i odrasle<\/strong><br data-start=\"954\" data-end=\"957\" \/>\ud83e\uddd1\u200d\ud83c\udfeb <strong data-start=\"963\" data-end=\"1003\">Instruktor i osnovna obuka uklju\u010deni.<\/p>\n<p><\/strong><strong data-start=\"1010\" data-end=\"1109\">Do\u0111ite da osjetite slobodu, mir i povezanost s prirodom uz konje \u2013 simbol snage i plemenitosti.<\/strong><br data-start=\"1109\" data-end=\"1112\" \/>Rezervi\u0161ite svoje mjesto na vrijeme i poklonite sebi ili porodici avanturu za pam\u0107enje!<\/p>\n","protected":false},"excerpt":{"rendered":"<p>U\u017eivajte u jedinstvenom do\u017eivljaju jahanja kroz netaknutu prirodu Durmitora, jednog od najljep\u0161ih planinskih predjela u Evropi. U na\u0161oj ponudi nalazi se odli\u010dno opremljen teren za jahanje, prilago\u0111en i iskusnim jaha\u010dima, ali i onima koji se prvi put susre\u0107u s ovim sportom. Konji su pa\u017eljivo birani i obu\u010deni, mirne naravi i idealni za sve uzraste. Na\u0161i [&hellip;]<\/p>\n","protected":false},"featured_media":453,"template":"","meta":{"_acf_changed":false,"inline_featured_image":false},"product_brand":[],"product_cat":[51],"product_tag":[],"class_list":{"0":"post-894","1":"product","2":"type-product","3":"status-publish","4":"has-post-thumbnail","6":"product_cat-horse-riding-me","8":"first","9":"instock","10":"taxable","11":"shipping-taxable","12":"purchasable","13":"product-type-simple"},"acf":[],"_links":{"self":[{"href":"https:\/\/tarakularaft.com\/me\/wp-json\/wp\/v2\/product\/894","targetHints":{"allow":["GET"]}}],"collection":[{"href":"https:\/\/tarakularaft.com\/me\/wp-json\/wp\/v2\/product"}],"about":[{"href":"https:\/\/tarakularaft.com\/me\/wp-json\/wp\/v2\/types\/product"}],"wp:featuredmedia":[{"embeddable":true,"href":"https:\/\/tarakularaft.com\/me\/wp-json\/wp\/v2\/media\/453"}],"wp:attachment":[{"href":"https:\/\/tarakularaft.com\/me\/wp-json\/wp\/v2\/media?parent=894"}],"wp:term":[{"taxonomy":"product_brand","embeddable":true,"href":"https:\/\/tarakularaft.com\/me\/wp-json\/wp\/v2\/product_brand?post=894"},{"taxonomy":"product_cat","embeddable":true,"href":"https:\/\/tarakularaft.com\/me\/wp-json\/wp\/v2\/product_cat?post=894"},{"taxonomy":"product_tag","embeddable":true,"href":"https:\/\/tarakularaft.com\/me\/wp-json\/wp\/v2\/product_tag?post=894"}],"curies":[{"name":"wp","href":"https:\/\/api.w.org\/{rel}","templated":true}]}}