{"id":892,"date":"2025-04-29T19:12:54","date_gmt":"2025-04-29T19:12:54","guid":{"rendered":"https:\/\/tara.electroinvest.me\/product\/family-activity-rafting-3h-jeep-tour-4h\/"},"modified":"2025-05-04T17:49:22","modified_gmt":"2025-05-04T17:49:22","slug":"porodicna-aktivnost-rafting-3h-jeep-tura-4h","status":"publish","type":"product","link":"https:\/\/tarakularaft.com\/me\/product\/porodicna-aktivnost-rafting-3h-jeep-tura-4h\/","title":{"rendered":"Porodi\u010dna aktivnost (Rafting 3h + Jeep tura 4h)"},"content":{"rendered":"<p class=\"\" data-start=\"104\" data-end=\"168\">Tura po\u010dinje iz <strong data-start=\"120\" data-end=\"167\">\u017dabljaka ispred na\u0161e agencije u 9:00 \u010dasova<\/strong>.<\/p>\n<p class=\"\" data-start=\"170\" data-end=\"359\">U\u017eivajte u <strong data-start=\"181\" data-end=\"250\">jeep safariju kroz najuzbudljiviji dio Nacionalnog parka Durmitor<\/strong>, sa impresivnim pogledom na <strong data-start=\"279\" data-end=\"315\">najdublji kanjon rijeke u Evropi<\/strong> i <strong data-start=\"318\" data-end=\"358\">najve\u0107i planinski masiv u Crnoj Gori<\/strong>.<\/p>\n<p class=\"\" data-start=\"361\" data-end=\"490\">Prolazimo preko <strong data-start=\"377\" data-end=\"405\">visoravni Pivske planine<\/strong> (Trsa, Pi\u0161\u010de\u2026), a zatim imamo <strong data-start=\"436\" data-end=\"457\">spakovani doru\u010dak<\/strong> na obroncima <strong data-start=\"471\" data-end=\"489\">planine \u0160u\u0160ice<\/strong>.<\/p>\n<p class=\"\" data-start=\"492\" data-end=\"726\">Oko <strong data-start=\"496\" data-end=\"512\">11:30 \u010dasova<\/strong> sti\u017eemo do <strong data-start=\"524\" data-end=\"539\">Br\u0161tanovice<\/strong>, na\u0161e startne ta\u010dke za <strong data-start=\"563\" data-end=\"622\">najljep\u0161ih i najatraktivnijih 18 kilometara rijeke Tare<\/strong>, od Br\u0161tanovice do \u0160\u0107epan Polja \u2013 mjesta gdje se Tara i Piva spajaju i formiraju \u010duvenu rijeku Drinu.<\/p>\n<p class=\"\" data-start=\"728\" data-end=\"810\">Ovo je <strong data-start=\"735\" data-end=\"765\">najuzbudljiviji dio rijeke<\/strong>, sa vi\u0161e od <strong data-start=\"778\" data-end=\"807\">dvadeset brzaka i kaskada<\/strong>.<\/p>\n<p class=\"\" data-start=\"812\" data-end=\"1017\">Koristimo specijalne \u010damce napravljene da izdr\u017ee jake vodene udare i okrete rijeke. \u010camci imaju <strong data-start=\"908\" data-end=\"934\">\u010detiri odvojene komore<\/strong>, duga\u010dki su <strong data-start=\"947\" data-end=\"961\">pet metara<\/strong>, a \u0161iroki <strong data-start=\"972\" data-end=\"985\">dva metra<\/strong>, \u0161to pru\u017ea dodatnu sigurnost.<\/p>\n<p class=\"\" data-start=\"1019\" data-end=\"1196\"><strong data-start=\"1019\" data-end=\"1043\">Kormilari su lokalci<\/strong>, ro\u0111eni u selima uz Taru, pa savr\u0161eno poznaju svaku njenu krivinu, brzake i virove. Zbog toga \u0107ete tokom raftinga biti <strong data-start=\"1163\" data-end=\"1195\">potpuno bezbjedni i opu\u0161teni<\/strong>.<\/p>\n<p class=\"\" data-start=\"1198\" data-end=\"1319\"><strong data-start=\"1198\" data-end=\"1251\">Svi u\u010desnici dobijaju sigurnosne prsluke i kacige<\/strong>, a u slu\u010daju hladnog vremena ili ki\u0161e \u2013 neopren odijela i kabanice.<\/p>\n<p class=\"\" data-start=\"1321\" data-end=\"1415\">Nakon raftinga imamo <strong data-start=\"1342\" data-end=\"1379\">ru\u010dak u restoranu na obali rijeke<\/strong>, a zatim kre\u0107emo nazad ka \u017dabljaku.<\/p>\n<p class=\"\" data-start=\"1417\" data-end=\"1512\">Na povratku \u0107emo posjetiti <strong data-start=\"1444\" data-end=\"1461\">Pivsko jezero<\/strong> i nekoliko visoravni u oblasti <strong data-start=\"1493\" data-end=\"1511\">Pivske planine<\/strong>.<\/p>\n<p class=\"\" data-start=\"1514\" data-end=\"1612\">Potom prolazimo kroz masive Durmitora \u2013 <strong data-start=\"1554\" data-end=\"1572\">Sedlo (1907 m)<\/strong> i <strong data-start=\"1575\" data-end=\"1611\">Pruta\u0161 (2244 m nadmorske visine)<\/strong>.<\/p>\n<p class=\"\" data-start=\"1614\" data-end=\"1709\"><strong data-start=\"1614\" data-end=\"1659\">Dolazak u \u017dabljak je u ve\u010dernjim \u010dasovima<\/strong>, \u010dime se ova jedinstvena porodi\u010dna tura zavr\u0161ava.<\/p>\n","protected":false},"excerpt":{"rendered":"<p>Tura po\u010dinje iz \u017dabljaka ispred na\u0161e agencije u 9:00 \u010dasova. U\u017eivajte u jeep safariju kroz najuzbudljiviji dio Nacionalnog parka Durmitor, sa impresivnim pogledom na najdublji kanjon rijeke u Evropi i najve\u0107i planinski masiv u Crnoj Gori. Prolazimo preko visoravni Pivske planine (Trsa, Pi\u0161\u010de\u2026), a zatim imamo spakovani doru\u010dak na obroncima planine \u0160u\u0160ice. Oko 11:30 \u010dasova [&hellip;]<\/p>\n","protected":false},"featured_media":457,"template":"","meta":{"_acf_changed":false,"inline_featured_image":false},"product_brand":[],"product_cat":[47,45],"product_tag":[],"class_list":{"0":"post-892","1":"product","2":"type-product","3":"status-publish","4":"has-post-thumbnail","6":"product_cat-jeep-safari-me","7":"product_cat-rafting-me","9":"first","10":"instock","11":"taxable","12":"shipping-taxable","13":"purchasable","14":"product-type-simple"},"acf":[],"_links":{"self":[{"href":"https:\/\/tarakularaft.com\/me\/wp-json\/wp\/v2\/product\/892","targetHints":{"allow":["GET"]}}],"collection":[{"href":"https:\/\/tarakularaft.com\/me\/wp-json\/wp\/v2\/product"}],"about":[{"href":"https:\/\/tarakularaft.com\/me\/wp-json\/wp\/v2\/types\/product"}],"wp:featuredmedia":[{"embeddable":true,"href":"https:\/\/tarakularaft.com\/me\/wp-json\/wp\/v2\/media\/457"}],"wp:attachment":[{"href":"https:\/\/tarakularaft.com\/me\/wp-json\/wp\/v2\/media?parent=892"}],"wp:term":[{"taxonomy":"product_brand","embeddable":true,"href":"https:\/\/tarakularaft.com\/me\/wp-json\/wp\/v2\/product_brand?post=892"},{"taxonomy":"product_cat","embeddable":true,"href":"https:\/\/tarakularaft.com\/me\/wp-json\/wp\/v2\/product_cat?post=892"},{"taxonomy":"product_tag","embeddable":true,"href":"https:\/\/tarakularaft.com\/me\/wp-json\/wp\/v2\/product_tag?post=892"}],"curies":[{"name":"wp","href":"https:\/\/api.w.org\/{rel}","templated":true}]}}