{"id":890,"date":"2025-04-29T19:12:55","date_gmt":"2025-04-29T19:12:55","guid":{"rendered":"https:\/\/tara.electroinvest.me\/product\/canyoning-trought-nevidio-canyon\/"},"modified":"2025-05-04T17:44:57","modified_gmt":"2025-05-04T17:44:57","slug":"kanjoning-kroz-kanjon-nevidio","status":"publish","type":"product","link":"https:\/\/tarakularaft.com\/me\/product\/kanjoning-kroz-kanjon-nevidio\/","title":{"rendered":"Kanjoning kroz kanjon Nevidio"},"content":{"rendered":"<p class=\"\" data-start=\"86\" data-end=\"415\">U srcu crnogorskih planina, tamo gdje su rijeke hiljadama godina dubile stijene, <strong data-start=\"167\" data-end=\"197\">izme\u0111u Durmitora i Vojnika<\/strong>, smjestio se <strong data-start=\"211\" data-end=\"229\">kanjon Nevidio<\/strong>. Njegovo ime (u zna\u010denju <em data-start=\"255\" data-end=\"266\">&#8220;nevi\u0111en&#8221;<\/em>) podsje\u0107a posjetioce na njegovu <strong data-start=\"299\" data-end=\"329\">divlju i netaknutu prirodu<\/strong>. Kanjon Nevidio je <strong data-start=\"349\" data-end=\"387\">posljednji osvojen kanjon u Evropi<\/strong>, i to <strong data-start=\"394\" data-end=\"414\">tek 1965. godine<\/strong>.<\/p>\n<p class=\"\" data-start=\"417\" data-end=\"541\">Stijene, vodopadi, uski prolazi, pjenu\u0161ave brze vode i kamene figure \u010dine <strong data-start=\"491\" data-end=\"512\">najve\u0107e atrakcije<\/strong> ovog jedinstvenog kanjona.<\/p>\n<p class=\"\" data-start=\"543\" data-end=\"698\">Kanjon se mo\u017ee posjetiti u okviru <strong data-start=\"577\" data-end=\"597\">jednodnevne ture<\/strong>, uz kori\u0161\u0107enje <strong data-start=\"613\" data-end=\"658\">specijalne opreme (ronila\u010dko-planinarske)<\/strong> i <strong data-start=\"661\" data-end=\"697\">uz stru\u010dnu pomo\u0107 iskusnih vodi\u010da<\/strong>.<\/p>\n<p class=\"\" data-start=\"700\" data-end=\"922\">U sklopu na\u0161e ponude, jednodnevna tura po\u010dinje <strong data-start=\"747\" data-end=\"777\">prevozom do ulaza u kanjon<\/strong> na\u0161im vozilima. <strong data-start=\"794\" data-end=\"827\">Ru\u010dak je planiran u 16 \u010dasova<\/strong>, unutar kanjona ili po izlasku iz njega. Nakon toga, <strong data-start=\"881\" data-end=\"921\">povratak za \u017dabljak i zavr\u0161etak ture<\/strong>.<\/p>\n","protected":false},"excerpt":{"rendered":"<p>U srcu crnogorskih planina, tamo gdje su rijeke hiljadama godina dubile stijene, izme\u0111u Durmitora i Vojnika, smjestio se kanjon Nevidio. Njegovo ime (u zna\u010denju &#8220;nevi\u0111en&#8221;) podsje\u0107a posjetioce na njegovu divlju i netaknutu prirodu. Kanjon Nevidio je posljednji osvojen kanjon u Evropi, i to tek 1965. godine. Stijene, vodopadi, uski prolazi, pjenu\u0161ave brze vode i kamene [&hellip;]<\/p>\n","protected":false},"featured_media":461,"template":"","meta":{"_acf_changed":false,"inline_featured_image":false},"product_brand":[],"product_cat":[49],"product_tag":[],"class_list":{"0":"post-890","1":"product","2":"type-product","3":"status-publish","4":"has-post-thumbnail","6":"product_cat-canyoning-me","8":"first","9":"instock","10":"taxable","11":"shipping-taxable","12":"purchasable","13":"product-type-simple"},"acf":[],"_links":{"self":[{"href":"https:\/\/tarakularaft.com\/me\/wp-json\/wp\/v2\/product\/890","targetHints":{"allow":["GET"]}}],"collection":[{"href":"https:\/\/tarakularaft.com\/me\/wp-json\/wp\/v2\/product"}],"about":[{"href":"https:\/\/tarakularaft.com\/me\/wp-json\/wp\/v2\/types\/product"}],"wp:featuredmedia":[{"embeddable":true,"href":"https:\/\/tarakularaft.com\/me\/wp-json\/wp\/v2\/media\/461"}],"wp:attachment":[{"href":"https:\/\/tarakularaft.com\/me\/wp-json\/wp\/v2\/media?parent=890"}],"wp:term":[{"taxonomy":"product_brand","embeddable":true,"href":"https:\/\/tarakularaft.com\/me\/wp-json\/wp\/v2\/product_brand?post=890"},{"taxonomy":"product_cat","embeddable":true,"href":"https:\/\/tarakularaft.com\/me\/wp-json\/wp\/v2\/product_cat?post=890"},{"taxonomy":"product_tag","embeddable":true,"href":"https:\/\/tarakularaft.com\/me\/wp-json\/wp\/v2\/product_tag?post=890"}],"curies":[{"name":"wp","href":"https:\/\/api.w.org\/{rel}","templated":true}]}}