{"id":886,"date":"2025-04-29T19:12:59","date_gmt":"2025-04-29T19:12:59","guid":{"rendered":"https:\/\/tara.electroinvest.me\/product\/rafting-national-park-durmitor-14km-rafting\/"},"modified":"2025-08-10T10:13:10","modified_gmt":"2025-08-10T10:13:10","slug":"rafting-nacionalni-park-durmitor-14-km-raftinga","status":"publish","type":"product","link":"https:\/\/tarakularaft.com\/me\/product\/rafting-nacionalni-park-durmitor-14-km-raftinga\/","title":{"rendered":"Rafting u nacionalnom parku Durmitor (14 km raftinga)"},"content":{"rendered":"<p data-start=\"132\" data-end=\"603\">U\u017eivajte u uzbudljivoj poludnevnoj aktivnosti s na\u0161om uzbudljivom rafting turom. S tri dnevna termina, po\u010dev\u0161i od 9:30 ujutro, nudimo fleksibilnost kako bismo se prilagodili rasporedima na\u0161ih gostiju (ovisno o raspolo\u017eivosti). Dolazak u agenciju ili preuzimanje s mjesta smje\u0161taja, vo\u017enja do po\u010detne ta\u010dke. Priprema za rafting &#8211; svaki u\u010desnik ture dobija odgovaraju\u0107u opremu (neoprensko odijelo, \u010dizme, sigurnosni prsluk, kacigu i veslo).   <\/p>\n<p data-start=\"605\" data-end=\"1092\">Nakon toga, spu\u0161tamo se niz najljep\u0161i dio kanjona Tare tokom 3 sata (14 km) trajanja ture sa pauzama za fotografisanje i kupanje. Osvje\u017eenje i pauza na rijeci Ljutici \u2013 najkra\u0107oj rijeci u Evropi i najve\u0107em izvoru slatke vode na svijetu (1000 litara u sekundi) \u2013 su uklju\u010deni. Slijedi foto safari ispod mosta Tara, prije nego \u0161to stignemo do \u017dugi\u0107a Luke gdje se zavr\u0161ava tura. Vra\u0107amo se na po\u010detnu ta\u010dku na\u0161im vozilima.   <\/p>\n<p data-start=\"1094\" data-end=\"1229\">\n<p data-start=\"1231\" data-end=\"1295\"><strong data-start=\"1231\" data-end=\"1241\">Cijena:<\/strong> 60 \u20ac po odrasloj osobi, 50 \u20ac za djecu do 12 godina.<\/p>\n","protected":false},"excerpt":{"rendered":"<p>U\u017eivajte u uzbudljivoj poludnevnoj aktivnosti s na\u0161om uzbudljivom rafting turom. S tri dnevna termina, po\u010dev\u0161i od 9:30 ujutro, nudimo fleksibilnost kako bismo se prilagodili rasporedima na\u0161ih gostiju (ovisno o raspolo\u017eivosti). Dolazak u agenciju ili preuzimanje s mjesta smje\u0161taja, vo\u017enja do po\u010detne ta\u010dke. Priprema za rafting &#8211; svaki u\u010desnik ture dobija odgovaraju\u0107u opremu (neoprensko odijelo, \u010dizme, [&hellip;]<\/p>\n","protected":false},"featured_media":469,"template":"","meta":{"_acf_changed":false,"inline_featured_image":false},"product_brand":[],"product_cat":[45],"product_tag":[],"class_list":{"0":"post-886","1":"product","2":"type-product","3":"status-publish","4":"has-post-thumbnail","6":"product_cat-rafting-me","8":"first","9":"instock","10":"taxable","11":"shipping-taxable","12":"purchasable","13":"product-type-simple"},"acf":[],"_links":{"self":[{"href":"https:\/\/tarakularaft.com\/me\/wp-json\/wp\/v2\/product\/886","targetHints":{"allow":["GET"]}}],"collection":[{"href":"https:\/\/tarakularaft.com\/me\/wp-json\/wp\/v2\/product"}],"about":[{"href":"https:\/\/tarakularaft.com\/me\/wp-json\/wp\/v2\/types\/product"}],"wp:featuredmedia":[{"embeddable":true,"href":"https:\/\/tarakularaft.com\/me\/wp-json\/wp\/v2\/media\/469"}],"wp:attachment":[{"href":"https:\/\/tarakularaft.com\/me\/wp-json\/wp\/v2\/media?parent=886"}],"wp:term":[{"taxonomy":"product_brand","embeddable":true,"href":"https:\/\/tarakularaft.com\/me\/wp-json\/wp\/v2\/product_brand?post=886"},{"taxonomy":"product_cat","embeddable":true,"href":"https:\/\/tarakularaft.com\/me\/wp-json\/wp\/v2\/product_cat?post=886"},{"taxonomy":"product_tag","embeddable":true,"href":"https:\/\/tarakularaft.com\/me\/wp-json\/wp\/v2\/product_tag?post=886"}],"curies":[{"name":"wp","href":"https:\/\/api.w.org\/{rel}","templated":true}]}}