{"id":833,"date":"2025-04-29T11:48:59","date_gmt":"2025-04-29T11:48:59","guid":{"rendered":"https:\/\/tara.electroinvest.me\/home\/"},"modified":"2025-05-05T10:30:26","modified_gmt":"2025-05-05T10:30:26","slug":"home","status":"publish","type":"page","link":"https:\/\/tarakularaft.com\/me\/","title":{"rendered":"Po\u010detna"},"content":{"rendered":"\t\t<div data-elementor-type=\"wp-page\" data-elementor-id=\"833\" class=\"elementor elementor-833 elementor-66\" data-elementor-post-type=\"page\">\n\t\t\t\t<div class=\"elementor-element elementor-element-151f2a2 e-con-full e-flex e-con e-parent\" data-id=\"151f2a2\" data-element_type=\"container\">\n\t\t\t\t<div class=\"elementor-element elementor-element-ae5aacc elementor-widget elementor-widget-slider_revolution\" data-id=\"ae5aacc\" data-element_type=\"widget\" data-widget_type=\"slider_revolution.default\">\n\t\t\t\t\t\n\t\t<div class=\"wp-block-themepunch-revslider\">\t\t\t\t<p class=\"rs-p-wp-fix\"><\/p>\t\t\t\t<sr7-module data-alias=\"hero-homepage\" data-id=\"1\" id=\"SR7_1_1\" class=\"rs-ov-hidden\" data-version=\"6.7.20\">\t\t\t\t\t<sr7-adjuster><\/sr7-adjuster>\t\t\t\t\t<sr7-content>\t\t\t\t\t\t<sr7-slide id=\"SR7_1_1-1\" data-key=\"1\">\t\t\t\t\t\t\t<sr7-bg id=\"SR7_1_1-1-19\" class=\"sr7-layer\"><noscript><img decoding=\"async\" src=\"\/wp-content\/uploads\/revslider\/home-11\/shutterstock_350242835-1.jpg\" alt=\"\" title=\"shutterstock_350242835-1.jpg\"><\/noscript><\/sr7-bg>\t\t\t\t\t\t\t<sr7-txt id=\"SR7_1_1-1-1\" class=\"sr7-layer\">RAFTING<\/sr7-txt>\t\t\t\t\t\t\t<sr7-txt id=\"SR7_1_1-1-2\" class=\"sr7-layer\">Let\u2019s start the journey!<br \/><\/sr7-txt>\t\t\t\t\t\t\t<a id=\"SR7_1_1-1-3\" class=\"sr7-layer\" href=\"https:\/\/www.youtube.com\/watch?v=J-W99Mh61jM&#038;fbclid=IwAR3tltOwE5qBB_lQhClz-PgvIr_c1qJl9oH_QwFZsvaxR8-d4SXcsqEJQmQ\" target=\"_blank\" rel=\"noopener nofollow\"><i style=\"font-size:40px; \" class=\"fa-play\"><\/i><\/a>\t\t\t\t\t\t\t<sr7-txt id=\"SR7_1_1-1-12\" class=\"sr7-layer\">ZIP LINE<\/sr7-txt>\t\t\t\t\t\t\t<sr7-txt id=\"SR7_1_1-1-13\" class=\"sr7-layer\">KAYAKING<\/sr7-txt>\t\t\t\t\t\t\t<a id=\"SR7_1_1-1-18\" class=\"sr7-layer\" href=\"https:\/\/www.youtube.com\/watch?v=J-W99Mh61jM&#038;fbclid=IwAR3tltOwE5qBB_lQhClz-PgvIr_c1qJl9oH_QwFZsvaxR8-d4SXcsqEJQmQ\" target=\"_blank\" rel=\"noopener nofollow\">Play video now<\/a>\t\t\t\t\t\t<\/sr7-slide>\t\t\t\t\t\t<sr7-slide id=\"SR7_1_1-2\" data-key=\"2\">\t\t\t\t\t\t<\/sr7-slide>\t\t\t\t\t<\/sr7-content>\t\t\t\t\t<image_lists style=\"display:none\">\t\t\t\t\t\t<img data-src=\"\/\/tara.local\/wp-content\/uploads\/revslider\/home-11\/home1_slider1_03.png\" data-libid=\"331\" data-lib=\"medialibrary\" alt=\"Rafting adventure on Tara River\" title=\"home1_slider1_03.png\" width=\"0\" height=\"0\" data-dbsrc=\"Ly90YXJhLmxvY2FsL3dwLWNvbnRlbnQvdXBsb2Fkcy9yZXZzbGlkZXIvaG9tZS0xMS9ob21lMV9zbGlkZXIxXzAzLnBuZw==\"\/>\t\t\t\t\t\t<img data-src=\"\/\/tara.local\/wp-content\/uploads\/revslider\/home-11\/shutterstock_350242835-1.jpg\" data-libid=\"329\" data-lib=\"medialibrary\" title=\"shutterstock_350242835-1.jpg\" width=\"0\" height=\"0\" data-dbsrc=\"Ly90YXJhLmxvY2FsL3dwLWNvbnRlbnQvdXBsb2Fkcy9yZXZzbGlkZXIvaG9tZS0xMS9zaHV0dGVyc3RvY2tfMzUwMjQyODM1LTEuanBn\"\/>\t\t\t\t\t<\/image_lists>\t\t\t\t<\/sr7-module>\t\t\t\t<script>\t\t\t\t\tSR7.PMH ??={}; SR7.PMH[\"SR7_1_1\"] = {cn:0,state:false,fn: function() { if (_tpt!==undefined && _tpt.prepareModuleHeight !== undefined) {  _tpt.prepareModuleHeight({id:\"SR7_1_1\",el:[920,920,968,600,700],type:'standard',shdw:'0',gh:[920,920,968,600,700],gw:[1240,1240,1025,778,480],vpt:['100px&#039;,&#039;100px&#039;,&#039;100px&#039;,&#039;100px&#039;,&#039;100px'],size:{fullWidth:true, fullHeight:false},mh:'0',onh:0,onw:0,bg:{color:'{\"orig\":\"transparent\",\"type\":\"solid\",\"string\":\"transparent\"}'}});   SR7.PMH[\"SR7_1_1\"].state=true;} else if((SR7.PMH[\"SR7_1_1\"].cn++)<100)\tsetTimeout( SR7.PMH[\"SR7_1_1\"].fn,19);}};SR7.PMH[\"SR7_1_1\" ].fn();\t\t\t\t<\/script><\/div>\n\n\t\t\t\t\t\t<\/div>\n\t\t\t\t<\/div>\n\t\t<div class=\"elementor-element elementor-element-c7c96a0 e-flex e-con-boxed e-con e-parent\" data-id=\"c7c96a0\" data-element_type=\"container\">\n\t\t\t\t\t<div class=\"e-con-inner\">\n\t\t\t\t<div class=\"elementor-element elementor-element-fae56d7 elementor-invisible elementor-widget elementor-widget-heading\" data-id=\"fae56d7\" data-element_type=\"widget\" data-settings=\"{&quot;_animation&quot;:&quot;slideInLeft&quot;}\" data-widget_type=\"heading.default\">\n\t\t\t\t\t<h3 class=\"elementor-heading-title elementor-size-default\"><span style=\"color:#FF6B22; border-bottom:5px solid #FF6B22;\">Reci<\/span> DA avanturama!<\/h3>\t\t\t\t<\/div>\n\t\t\t\t<div class=\"elementor-element elementor-element-bc40901 elementor-align-right taraBtn elementor-mobile-align-center elementor-widget-mobile__width-inherit elementor-invisible elementor-widget elementor-widget-button\" data-id=\"bc40901\" data-element_type=\"widget\" data-settings=\"{&quot;_animation&quot;:&quot;slideInRight&quot;}\" data-widget_type=\"button.default\">\n\t\t\t\t\t\t\t\t\t\t<a class=\"elementor-button elementor-button-link elementor-size-md\" href=\"https:\/\/tarakularaft.com\/me\/our-tours\/\">\n\t\t\t\t\t\t<span class=\"elementor-button-content-wrapper\">\n\t\t\t\t\t\t\t\t\t<span class=\"elementor-button-text\">Na\u0161e ponude<\/span>\n\t\t\t\t\t<\/span>\n\t\t\t\t\t<\/a>\n\t\t\t\t\t\t\t\t<\/div>\n\t\t\t\t\t<\/div>\n\t\t\t\t<\/div>\n\t\t<div class=\"elementor-element elementor-element-4e3d082 e-flex e-con-boxed e-con e-parent\" data-id=\"4e3d082\" data-element_type=\"container\">\n\t\t\t\t\t<div class=\"e-con-inner\">\n\t\t\t\t<div class=\"elementor-element elementor-element-2b0c9aa elementor-widget elementor-widget-shortcode\" data-id=\"2b0c9aa\" data-element_type=\"widget\" data-widget_type=\"shortcode.default\">\n\t\t\t\t\t\n    <div class=\"tour-list-container\">\n            <div class=\"single-tour-block\">\r\n        <div class=\"image-holder\">\r\n            <a href=\"https:\/\/tarakularaft.com\/me\/product\/rafting-nacionalni-park-durmitor-14-km-raftinga\/\">\r\n                <img decoding=\"async\" class=\"img-grid\" src=\"https:\/\/tarakularaft.com\/wp-content\/uploads\/2025\/04\/shutterstock_1114604348.jpg\" alt=\"slika\">\r\n            <\/a>\r\n        <\/div>\r\n        <h1 class=\" grid-h1\">\r\n            <a class=\"tour-title-link\" href=\"https:\/\/tarakularaft.com\/me\/product\/rafting-nacionalni-park-durmitor-14-km-raftinga\/\">\r\n                Rafting u nacionalnom parku Durmitor (14 km raftinga)            <\/a>\r\n        <\/h1>\r\n        <div class=\"duration-meta\">\r\n            <img decoding=\"async\" src=\"\/wp-content\/uploads\/2021\/10\/clock.png\" alt=\"\">\r\n            Trajanje: od            <span class=\"duration-input\">\r\n                2,5 sata            <\/span>\r\n        <\/div>\r\n        <div class=\"type-meta\">\r\n            <img decoding=\"async\" src=\"\/wp-content\/uploads\/2021\/11\/mountain1.png\" alt=\"\">\r\n            Tip:            <span class=\"type-input\">Rafting<\/span>\r\n        <\/div>\r\n        <div class=\"difficulty-meta\">\r\n            <img decoding=\"async\" src=\"\/wp-content\/uploads\/2021\/11\/progress-bar.png\" alt=\"\">\r\n            Te\u017eina:            <span class=\"difficulty-input\">Easy<\/span>\r\n        <\/div>\r\n        <div class=\"difficulty-meta\">\r\n            <img decoding=\"async\" src=\"\/wp-content\/uploads\/2021\/12\/Vector1-1.svg\" alt=\"\">\r\n            Prikladno:            <span class=\"difficulty-input\">Family<\/span>\r\n        <\/div>\r\n        <h4 class=\"pricing-meta\">\r\n            <a href=\"https:\/\/tarakularaft.com\/me\/product\/rafting-nacionalni-park-durmitor-14-km-raftinga\/\"><span>Od<\/span>\r\n                <span class=\"pricing-input\">60\u20ac <\/span>\r\n            <\/a>\r\n        <\/h4>\r\n        <span class=\"after\"> po osobi <\/span>\r\n        <a class=\"single-reserve-button-new\" href=\"https:\/\/tarakularaft.com\/me\/product\/rafting-nacionalni-park-durmitor-14-km-raftinga\/\">\r\n            Rezervi\u0161ite odmah        <\/a>\r\n        <span class=\"category-label\">Rafting<\/span>\r\n    <\/div>    <div class=\"single-tour-block\">\r\n        <div class=\"image-holder\">\r\n            <a href=\"https:\/\/tarakularaft.com\/me\/product\/rafting-kroz-najdublji-dio-kanjona-tare-36-km-raftinga\/\">\r\n                <img decoding=\"async\" class=\"img-grid\" src=\"https:\/\/tarakularaft.com\/wp-content\/uploads\/2025\/04\/shutterstock_2009672414.jpg\" alt=\"slika\">\r\n            <\/a>\r\n        <\/div>\r\n        <h1 class=\" grid-h1\">\r\n            <a class=\"tour-title-link\" href=\"https:\/\/tarakularaft.com\/me\/product\/rafting-kroz-najdublji-dio-kanjona-tare-36-km-raftinga\/\">\r\n                Rafting kroz najdublji dio kanjona Tare (36 km raftinga)            <\/a>\r\n        <\/h1>\r\n        <div class=\"duration-meta\">\r\n            <img decoding=\"async\" src=\"\/wp-content\/uploads\/2021\/10\/clock.png\" alt=\"\">\r\n            Trajanje: od            <span class=\"duration-input\">\r\n                5 sati            <\/span>\r\n        <\/div>\r\n        <div class=\"type-meta\">\r\n            <img decoding=\"async\" src=\"\/wp-content\/uploads\/2021\/11\/mountain1.png\" alt=\"\">\r\n            Tip:            <span class=\"type-input\">Rafting<\/span>\r\n        <\/div>\r\n        <div class=\"difficulty-meta\">\r\n            <img decoding=\"async\" src=\"\/wp-content\/uploads\/2021\/11\/progress-bar.png\" alt=\"\">\r\n            Te\u017eina:            <span class=\"difficulty-input\">Medium<\/span>\r\n        <\/div>\r\n        <div class=\"difficulty-meta\">\r\n            <img decoding=\"async\" src=\"\/wp-content\/uploads\/2021\/12\/Vector1-1.svg\" alt=\"\">\r\n            Prikladno:            <span class=\"difficulty-input\">Family<\/span>\r\n        <\/div>\r\n        <h4 class=\"pricing-meta\">\r\n            <a href=\"https:\/\/tarakularaft.com\/me\/product\/rafting-kroz-najdublji-dio-kanjona-tare-36-km-raftinga\/\"><span>Od<\/span>\r\n                <span class=\"pricing-input\">120\u20ac <\/span>\r\n            <\/a>\r\n        <\/h4>\r\n        <span class=\"after\"> po osobi <\/span>\r\n        <a class=\"single-reserve-button-new\" href=\"https:\/\/tarakularaft.com\/me\/product\/rafting-kroz-najdublji-dio-kanjona-tare-36-km-raftinga\/\">\r\n            Rezervi\u0161ite odmah        <\/a>\r\n        <span class=\"category-label\">Rafting<\/span>\r\n    <\/div>    <div class=\"single-tour-block\">\r\n        <div class=\"image-holder\">\r\n            <a href=\"https:\/\/tarakularaft.com\/me\/product\/porodicna-aktivnost-rafting-3h-jeep-tura-4h\/\">\r\n                <img decoding=\"async\" class=\"img-grid\" src=\"https:\/\/tarakularaft.com\/wp-content\/uploads\/2025\/04\/Family.jpg\" alt=\"slika\">\r\n            <\/a>\r\n        <\/div>\r\n        <h1 class=\" grid-h1\">\r\n            <a class=\"tour-title-link\" href=\"https:\/\/tarakularaft.com\/me\/product\/porodicna-aktivnost-rafting-3h-jeep-tura-4h\/\">\r\n                Porodi\u010dna aktivnost (Rafting 3h + Jeep tura 4h)            <\/a>\r\n        <\/h1>\r\n        <div class=\"duration-meta\">\r\n            <img decoding=\"async\" src=\"\/wp-content\/uploads\/2021\/10\/clock.png\" alt=\"\">\r\n            Trajanje: od            <span class=\"duration-input\">\r\n                7h            <\/span>\r\n        <\/div>\r\n        <div class=\"type-meta\">\r\n            <img decoding=\"async\" src=\"\/wp-content\/uploads\/2021\/11\/mountain1.png\" alt=\"\">\r\n            Tip:            <span class=\"type-input\">Jeep Safari<\/span>\r\n        <\/div>\r\n        <div class=\"difficulty-meta\">\r\n            <img decoding=\"async\" src=\"\/wp-content\/uploads\/2021\/11\/progress-bar.png\" alt=\"\">\r\n            Te\u017eina:            <span class=\"difficulty-input\">Medium<\/span>\r\n        <\/div>\r\n        <div class=\"difficulty-meta\">\r\n            <img decoding=\"async\" src=\"\/wp-content\/uploads\/2021\/12\/Vector1-1.svg\" alt=\"\">\r\n            Prikladno:            <span class=\"difficulty-input\">Family<\/span>\r\n        <\/div>\r\n        <h4 class=\"pricing-meta\">\r\n            <a href=\"https:\/\/tarakularaft.com\/me\/product\/porodicna-aktivnost-rafting-3h-jeep-tura-4h\/\"><span>Od<\/span>\r\n                <span class=\"pricing-input\">120\u20ac <\/span>\r\n            <\/a>\r\n        <\/h4>\r\n        <span class=\"after\"> po osobi <\/span>\r\n        <a class=\"single-reserve-button-new\" href=\"https:\/\/tarakularaft.com\/me\/product\/porodicna-aktivnost-rafting-3h-jeep-tura-4h\/\">\r\n            Rezervi\u0161ite odmah        <\/a>\r\n        <span class=\"category-label\">Jeep Safari<\/span>\r\n    <\/div>    <\/div>\n    \t\t<div class=\"elementor-shortcode\"><\/div>\n\t\t\t\t\t\t<\/div>\n\t\t\t\t\t<\/div>\n\t\t\t\t<\/div>\n\t\t\t\t<section class=\"elementor-section elementor-top-section elementor-element elementor-element-4a52147 animated-slow elementor-section-boxed elementor-section-height-default elementor-section-height-default elementor-invisible\" data-id=\"4a52147\" data-element_type=\"section\" data-settings=\"{&quot;background_background&quot;:&quot;classic&quot;,&quot;animation&quot;:&quot;fadeIn&quot;}\">\n\t\t\t\t\t\t\t<div class=\"elementor-background-overlay\"><\/div>\n\t\t\t\t\t\t\t<div class=\"elementor-container elementor-column-gap-default\">\n\t\t\t\t\t<div class=\"elementor-column elementor-col-100 elementor-top-column elementor-element elementor-element-7b231c4\" data-id=\"7b231c4\" data-element_type=\"column\">\n\t\t\t<div class=\"elementor-widget-wrap elementor-element-populated\">\n\t\t\t\t\t\t<div class=\"elementor-element elementor-element-c25a6de elementor-widget elementor-widget-spacer\" data-id=\"c25a6de\" data-element_type=\"widget\" data-widget_type=\"spacer.default\">\n\t\t\t\t\t\t\t<div class=\"elementor-spacer\">\n\t\t\t<div class=\"elementor-spacer-inner\"><\/div>\n\t\t<\/div>\n\t\t\t\t\t\t<\/div>\n\t\t<div class=\"elementor-element elementor-element-8e30dbe e-con-full e-flex e-con e-parent\" data-id=\"8e30dbe\" data-element_type=\"container\">\n\t\t<div class=\"elementor-element elementor-element-f228476 e-con-full e-flex e-con e-child\" data-id=\"f228476\" data-element_type=\"container\">\n\t\t\t\t<div class=\"elementor-element elementor-element-c0824d7 elementor-position-top elementor-widget elementor-widget-image-box\" data-id=\"c0824d7\" data-element_type=\"widget\" data-widget_type=\"image-box.default\">\n\t\t\t\t\t<div class=\"elementor-image-box-wrapper\"><figure class=\"elementor-image-box-img\"><img decoding=\"async\" width=\"84\" height=\"52\" src=\"https:\/\/tarakularaft.com\/wp-content\/uploads\/2025\/04\/safari.png\" class=\"attachment-full size-full wp-image-368\" alt=\"Jeep Safari tour in Durmitor National Park\" \/><\/figure><div class=\"elementor-image-box-content\"><h3 class=\"elementor-image-box-title\">D\u017eip safari<\/h3><p class=\"elementor-image-box-description\">Vrijeme za posebne avanture! Samo u kanjonu Tare.\n\n<\/p><\/div><\/div>\t\t\t\t<\/div>\n\t\t\t\t<\/div>\n\t\t<div class=\"elementor-element elementor-element-a66c632 e-con-full e-flex e-con e-child\" data-id=\"a66c632\" data-element_type=\"container\">\n\t\t\t\t<div class=\"elementor-element elementor-element-d99e8d7 elementor-widget elementor-widget-spacer\" data-id=\"d99e8d7\" data-element_type=\"widget\" data-widget_type=\"spacer.default\">\n\t\t\t\t\t\t\t<div class=\"elementor-spacer\">\n\t\t\t<div class=\"elementor-spacer-inner\"><\/div>\n\t\t<\/div>\n\t\t\t\t\t\t<\/div>\n\t\t\t\t<div class=\"elementor-element elementor-element-7c67460 elementor-position-top elementor-widget elementor-widget-image-box\" data-id=\"7c67460\" data-element_type=\"widget\" data-widget_type=\"image-box.default\">\n\t\t\t\t\t<div class=\"elementor-image-box-wrapper\"><figure class=\"elementor-image-box-img\"><img loading=\"lazy\" decoding=\"async\" width=\"69\" height=\"66\" src=\"https:\/\/tarakularaft.com\/wp-content\/uploads\/2025\/04\/canyon.png\" class=\"attachment-full size-full wp-image-377\" alt=\"\" \/><\/figure><div class=\"elementor-image-box-content\"><h3 class=\"elementor-image-box-title\">Kanjoning<\/h3><p class=\"elementor-image-box-description\">Krenite na nezaboravno putovanje kanjoningom uz na\u0161e lokalne vodi\u010de.<\/p><\/div><\/div>\t\t\t\t<\/div>\n\t\t\t\t<\/div>\n\t\t<div class=\"elementor-element elementor-element-bca4d03 e-con-full e-flex e-con e-child\" data-id=\"bca4d03\" data-element_type=\"container\">\n\t\t\t\t<div class=\"elementor-element elementor-element-8dc92c9 elementor-position-top elementor-widget elementor-widget-image-box\" data-id=\"8dc92c9\" data-element_type=\"widget\" data-widget_type=\"image-box.default\">\n\t\t\t\t\t<div class=\"elementor-image-box-wrapper\"><figure class=\"elementor-image-box-img\"><img loading=\"lazy\" decoding=\"async\" width=\"78\" height=\"58\" src=\"https:\/\/tarakularaft.com\/wp-content\/uploads\/2025\/04\/zip-line.png\" class=\"attachment-full size-full wp-image-380\" alt=\"\" \/><\/figure><div class=\"elementor-image-box-content\"><h3 class=\"elementor-image-box-title\">Zipline<\/h3><p class=\"elementor-image-box-description\">Do\u017eivite najuzbudljiviju crnogorsku zipline vo\u017enju<\/p><\/div><\/div>\t\t\t\t<\/div>\n\t\t\t\t<\/div>\n\t\t<div class=\"elementor-element elementor-element-e74c9da e-con-full e-flex e-con e-child\" data-id=\"e74c9da\" data-element_type=\"container\">\n\t\t\t\t<div class=\"elementor-element elementor-element-8637a7d elementor-widget elementor-widget-spacer\" data-id=\"8637a7d\" data-element_type=\"widget\" data-widget_type=\"spacer.default\">\n\t\t\t\t\t\t\t<div class=\"elementor-spacer\">\n\t\t\t<div class=\"elementor-spacer-inner\"><\/div>\n\t\t<\/div>\n\t\t\t\t\t\t<\/div>\n\t\t\t\t<div class=\"elementor-element elementor-element-4f189e5 elementor-position-top elementor-widget elementor-widget-image-box\" data-id=\"4f189e5\" data-element_type=\"widget\" data-widget_type=\"image-box.default\">\n\t\t\t\t\t<div class=\"elementor-image-box-wrapper\"><figure class=\"elementor-image-box-img\"><img loading=\"lazy\" decoding=\"async\" width=\"72\" height=\"70\" src=\"https:\/\/tarakularaft.com\/wp-content\/uploads\/2025\/04\/hiking.png\" class=\"attachment-full size-full wp-image-383\" alt=\"Hiking tour on Durmitor Mountain\" \/><\/figure><div class=\"elementor-image-box-content\"><h3 class=\"elementor-image-box-title\">Planinarenje<\/h3><p class=\"elementor-image-box-description\">\u0160etnja prirodom vra\u0107a du\u0161u ku\u0107i.<\/p><\/div><\/div>\t\t\t\t<\/div>\n\t\t\t\t<\/div>\n\t\t\t\t<\/div>\n\t\t\t\t<div class=\"elementor-element elementor-element-1a95d0e elementor-align-center taraBtn elementor-invisible elementor-widget elementor-widget-button\" data-id=\"1a95d0e\" data-element_type=\"widget\" data-settings=\"{&quot;_animation&quot;:&quot;slideInRight&quot;}\" data-widget_type=\"button.default\">\n\t\t\t\t\t\t\t\t\t\t<a class=\"elementor-button elementor-button-link elementor-size-md\" href=\"https:\/\/tarakularaft.com\/me\/o-nama\/\">\n\t\t\t\t\t\t<span class=\"elementor-button-content-wrapper\">\n\t\t\t\t\t\t\t\t\t<span class=\"elementor-button-text\">O nama<\/span>\n\t\t\t\t\t<\/span>\n\t\t\t\t\t<\/a>\n\t\t\t\t\t\t\t\t<\/div>\n\t\t\t\t<div class=\"elementor-element elementor-element-aee85cf elementor-widget elementor-widget-spacer\" data-id=\"aee85cf\" data-element_type=\"widget\" data-widget_type=\"spacer.default\">\n\t\t\t\t\t\t\t<div class=\"elementor-spacer\">\n\t\t\t<div class=\"elementor-spacer-inner\"><\/div>\n\t\t<\/div>\n\t\t\t\t\t\t<\/div>\n\t\t\t\t\t<\/div>\n\t\t<\/div>\n\t\t\t\t\t<\/div>\n\t\t<\/section>\n\t\t<div class=\"elementor-element elementor-element-6cf9019 e-flex e-con-boxed e-con e-parent\" data-id=\"6cf9019\" data-element_type=\"container\" data-settings=\"{&quot;background_background&quot;:&quot;classic&quot;}\">\n\t\t\t\t\t<div class=\"e-con-inner\">\n\t\t<div class=\"elementor-element elementor-element-72d4494 e-con-full e-flex e-con e-child\" data-id=\"72d4494\" data-element_type=\"container\">\n\t\t<div class=\"elementor-element elementor-element-ebbd529 e-con-full e-flex e-con e-child\" data-id=\"ebbd529\" data-element_type=\"container\">\n\t\t\t\t<div class=\"elementor-element elementor-element-ac61ca5 elementor-invisible elementor-widget elementor-widget-image\" data-id=\"ac61ca5\" data-element_type=\"widget\" data-settings=\"{&quot;_animation&quot;:&quot;fadeInUp&quot;,&quot;_animation_delay&quot;:800}\" data-widget_type=\"image.default\">\n\t\t\t\t\t\t\t\t\t\t\t\t\t\t\t<img loading=\"lazy\" decoding=\"async\" width=\"927\" height=\"1080\" src=\"https:\/\/tarakularaft.com\/wp-content\/uploads\/2025\/04\/00056.00_01_21_00.jpg\" class=\"attachment-full size-full wp-image-144\" alt=\"\" srcset=\"https:\/\/tarakularaft.com\/wp-content\/uploads\/2025\/04\/00056.00_01_21_00.jpg 927w, https:\/\/tarakularaft.com\/wp-content\/uploads\/2025\/04\/00056.00_01_21_00-258x300.jpg 258w, https:\/\/tarakularaft.com\/wp-content\/uploads\/2025\/04\/00056.00_01_21_00-879x1024.jpg 879w, https:\/\/tarakularaft.com\/wp-content\/uploads\/2025\/04\/00056.00_01_21_00-768x895.jpg 768w, https:\/\/tarakularaft.com\/wp-content\/uploads\/2025\/04\/00056.00_01_21_00-600x699.jpg 600w\" sizes=\"(max-width: 927px) 100vw, 927px\" \/>\t\t\t\t\t\t\t\t\t\t\t\t\t\t\t<\/div>\n\t\t\t\t<\/div>\n\t\t<div class=\"elementor-element elementor-element-05ce65d e-con-full e-flex e-con e-child\" data-id=\"05ce65d\" data-element_type=\"container\">\n\t\t\t\t<div class=\"elementor-element elementor-element-31658e1 elementor-invisible elementor-widget elementor-widget-image\" data-id=\"31658e1\" data-element_type=\"widget\" data-settings=\"{&quot;_animation&quot;:&quot;fadeInLeft&quot;,&quot;_animation_delay&quot;:600}\" data-widget_type=\"image.default\">\n\t\t\t\t\t\t\t\t\t\t\t\t\t\t\t<img loading=\"lazy\" decoding=\"async\" width=\"421\" height=\"601\" src=\"https:\/\/tarakularaft.com\/wp-content\/uploads\/2025\/04\/tara.png\" class=\"attachment-large size-large wp-image-147\" alt=\"\" srcset=\"https:\/\/tarakularaft.com\/wp-content\/uploads\/2025\/04\/tara.png 421w, https:\/\/tarakularaft.com\/wp-content\/uploads\/2025\/04\/tara-210x300.png 210w\" sizes=\"(max-width: 421px) 100vw, 421px\" \/>\t\t\t\t\t\t\t\t\t\t\t\t\t\t\t<\/div>\n\t\t\t\t<\/div>\n\t\t\t\t<\/div>\n\t\t<div class=\"elementor-element elementor-element-be3e7ca e-con-full e-flex e-con e-child\" data-id=\"be3e7ca\" data-element_type=\"container\">\n\t\t\t\t<div class=\"elementor-element elementor-element-54ae8d2 elementor-widget elementor-widget-two_color_title\" data-id=\"54ae8d2\" data-element_type=\"widget\" data-widget_type=\"two_color_title.default\">\n\t\t\t\t<div class=\"elementor-widget-container\">\n\t\t\t\t\t        <h2 class=\"two-color-title\">\r\n            <span class=\"first-part\">Istra\u017eite divljinu sa<\/span>\r\n            <span class=\"second-part\">Tara Kula Raft agencijom!<\/span>\r\n        <\/h2>\r\n        \t\t\t\t<\/div>\n\t\t\t\t<\/div>\n\t\t\t\t<div class=\"elementor-element elementor-element-242e581 elementor-widget__width-initial elementor-invisible elementor-widget elementor-widget-text-editor\" data-id=\"242e581\" data-element_type=\"widget\" data-settings=\"{&quot;_animation&quot;:&quot;slideInRight&quot;}\" data-widget_type=\"text-editor.default\">\n\t\t\t\t\t\t\t\t\t<p style=\"margin-bottom: 0px;\">Lideri u organizaciji avanturisti\u010dkih tura u Nacionalnom parku Durmitor i ostatku sjevera Crne Gore.<\/p>\t\t\t\t\t\t\t\t<\/div>\n\t\t\t\t<div class=\"elementor-element elementor-element-3da48fe elementor-widget elementor-widget-spacer\" data-id=\"3da48fe\" data-element_type=\"widget\" data-widget_type=\"spacer.default\">\n\t\t\t\t\t\t\t<div class=\"elementor-spacer\">\n\t\t\t<div class=\"elementor-spacer-inner\"><\/div>\n\t\t<\/div>\n\t\t\t\t\t\t<\/div>\n\t\t\t\t<div class=\"elementor-element elementor-element-90c8639 elementor-widget__width-initial elementor-widget-tablet__width-inherit elementor-invisible elementor-widget elementor-widget-text-editor\" data-id=\"90c8639\" data-element_type=\"widget\" data-settings=\"{&quot;_animation&quot;:&quot;slideInRight&quot;}\" data-widget_type=\"text-editor.default\">\n\t\t\t\t\t\t\t\t\t<p>Na\u0161e poslovanje se isti\u010de vrhunskom uslugom za korisnike, kako na doma\u0107em tr\u017ei\u0161tu, tako i u cijeloj regiji. Uvijek se trudimo da iznenadimo na\u0161e klijente prevazilaze\u0107i njihova o\u010dekivanja i kreiraju\u0107i neke nove ponude.<\/p>\t\t\t\t\t\t\t\t<\/div>\n\t\t\t\t<div class=\"elementor-element elementor-element-b36985f elementor-widget elementor-widget-spacer\" data-id=\"b36985f\" data-element_type=\"widget\" data-widget_type=\"spacer.default\">\n\t\t\t\t\t\t\t<div class=\"elementor-spacer\">\n\t\t\t<div class=\"elementor-spacer-inner\"><\/div>\n\t\t<\/div>\n\t\t\t\t\t\t<\/div>\n\t\t\t\t<div class=\"elementor-element elementor-element-06272a9 elementor-align-left taraBtn elementor-mobile-align-center elementor-invisible elementor-widget elementor-widget-button\" data-id=\"06272a9\" data-element_type=\"widget\" data-settings=\"{&quot;_animation&quot;:&quot;slideInRight&quot;}\" data-widget_type=\"button.default\">\n\t\t\t\t\t\t\t\t\t\t<a class=\"elementor-button elementor-button-link elementor-size-md\" href=\"\/explore\/\">\n\t\t\t\t\t\t<span class=\"elementor-button-content-wrapper\">\n\t\t\t\t\t\t\t\t\t<span class=\"elementor-button-text\">Istra\u017ei<\/span>\n\t\t\t\t\t<\/span>\n\t\t\t\t\t<\/a>\n\t\t\t\t\t\t\t\t<\/div>\n\t\t\t\t<\/div>\n\t\t\t\t\t<\/div>\n\t\t\t\t<\/div>\n\t\t\t\t<\/div>\n\t\t","protected":false},"excerpt":{"rendered":"<p>Reci DA avanturama! Na\u0161e ponude D\u017eip safari Vrijeme za posebne avanture! Samo u kanjonu Tare. Kanjoning Krenite na nezaboravno putovanje kanjoningom uz na\u0161e lokalne vodi\u010de. Zipline Do\u017eivite najuzbudljiviju crnogorsku zipline vo\u017enju Planinarenje \u0160etnja prirodom vra\u0107a du\u0161u ku\u0107i. O nama Istra\u017eite divljinu sa Tara Kula Raft agencijom! Lideri u organizaciji avanturisti\u010dkih tura u Nacionalnom parku Durmitor [&hellip;]<\/p>\n","protected":false},"author":1,"featured_media":0,"parent":0,"menu_order":0,"comment_status":"closed","ping_status":"closed","template":"elementor_header_footer","meta":{"_acf_changed":false,"inline_featured_image":false,"footnotes":""},"class_list":["post-833","page","type-page","status-publish","hentry"],"acf":[],"_links":{"self":[{"href":"https:\/\/tarakularaft.com\/me\/wp-json\/wp\/v2\/pages\/833","targetHints":{"allow":["GET"]}}],"collection":[{"href":"https:\/\/tarakularaft.com\/me\/wp-json\/wp\/v2\/pages"}],"about":[{"href":"https:\/\/tarakularaft.com\/me\/wp-json\/wp\/v2\/types\/page"}],"author":[{"embeddable":true,"href":"https:\/\/tarakularaft.com\/me\/wp-json\/wp\/v2\/users\/1"}],"replies":[{"embeddable":true,"href":"https:\/\/tarakularaft.com\/me\/wp-json\/wp\/v2\/comments?post=833"}],"version-history":[{"count":7,"href":"https:\/\/tarakularaft.com\/me\/wp-json\/wp\/v2\/pages\/833\/revisions"}],"predecessor-version":[{"id":940,"href":"https:\/\/tarakularaft.com\/me\/wp-json\/wp\/v2\/pages\/833\/revisions\/940"}],"wp:attachment":[{"href":"https:\/\/tarakularaft.com\/me\/wp-json\/wp\/v2\/media?parent=833"}],"curies":[{"name":"wp","href":"https:\/\/api.w.org\/{rel}","templated":true}]}}